{"id":42382,"date":"2024-01-30T09:31:36","date_gmt":"2024-01-30T08:31:36","guid":{"rendered":"https:\/\/www.frieslandhollandtravel.nl\/ferien-in-friesland\/friesische-schloesser\/"},"modified":"2024-11-22T10:14:54","modified_gmt":"2024-11-22T09:14:54","slug":"friesische-schloesser","status":"publish","type":"page","link":"https:\/\/www.frieslandhollandtravel.nl\/de\/ferien-in-friesland\/friesische-schloesser\/","title":{"rendered":"Friesische Schl\u00f6sser"},"content":{"rendered":"\n<style type=\"text\/css\" data-created_by=\"avia_inline_auto\" id=\"style-css-av-1gznu6b-8d8c0a4c8872f4d65f3ca2c9a40d93ba\">\n.avia-section.av-1gznu6b-8d8c0a4c8872f4d65f3ca2c9a40d93ba{\nbackground-image:url(https:\/\/www.frieslandhollandtravel.nl\/wp-content\/uploads\/2024\/01\/header-friese-meren-zeilen.jpg);\nbackground-position:50% 50%;\n}\n<\/style>\n<div id='av_section_1'  class='avia-section av-1gznu6b-8d8c0a4c8872f4d65f3ca2c9a40d93ba avia-section- avia-  avia-builder-el-0  el_before_av_section  avia-builder-el-first  vdlp-header avia-bg-style- container_wrap fullsize'  data-section-bg-repeat=''><div class='container av-section-cont-open' ><main  role=\"main\" itemprop=\"mainContentOfPage\"  class='template-page content  av-content-full alpha units'><div class='post-entry post-entry-type-page post-entry-42382'><div class='entry-content-wrapper clearfix'>\n<\/div><\/div><\/main><!-- close content main element --><\/div><\/div><div id='av_section_2'  class='avia-section av-1bpz4ub-be32c2987b23bb6bbb8ebc96c64b0124 main_color avia-section-default avia-no-border-styling  avia-builder-el-1  el_after_av_section  avia-builder-el-last  avia-bg-style-scroll container_wrap fullsize'  ><div class='container av-section-cont-open' ><div class='template-page content  av-content-full alpha units'><div class='post-entry post-entry-type-page post-entry-42382'><div class='entry-content-wrapper clearfix'>\n<div  class='flex_column av-jsopwj-43377b5f76a9a5dcc9505456f982a63f av_one_full  avia-builder-el-2  avia-builder-el-no-sibling  first flex_column_div  '     ><p>\n<style type=\"text\/css\" data-created_by=\"avia_inline_auto\" id=\"style-css-av-ls03n08q-0b975d289cdb72ca9d2788dcf050fb9d\">\n#top .av-special-heading.av-ls03n08q-0b975d289cdb72ca9d2788dcf050fb9d{\npadding-bottom:10px;\n}\nbody .av-special-heading.av-ls03n08q-0b975d289cdb72ca9d2788dcf050fb9d .av-special-heading-tag .heading-char{\nfont-size:25px;\n}\n.av-special-heading.av-ls03n08q-0b975d289cdb72ca9d2788dcf050fb9d .av-subheading{\nfont-size:15px;\n}\n<\/style>\n<div  class='av-special-heading av-ls03n08q-0b975d289cdb72ca9d2788dcf050fb9d av-special-heading-h1 blockquote modern-quote  avia-builder-el-3  el_before_av_textblock  avia-builder-el-first '><h1 class='av-special-heading-tag '  itemprop=\"headline\"  >Friesische Schl\u00f6sser<\/h1><div class=\"special-heading-border\"><div class=\"special-heading-inner-border\"><\/div><\/div><\/div><br \/>\n<section  class='av_textblock_section av-ls03ngaf-848b0a2392de861f4074544fac9e8893 '   itemscope=\"itemscope\" itemtype=\"https:\/\/schema.org\/CreativeWork\" ><div class='avia_textblock'  itemprop=\"text\" ><p>Entdecken Sie die sch\u00f6nsten Schl\u00f6sser in Friesland. Erkunden, genie\u00dfen und erleben Sie Frysl\u00e2n mit Friesland Holland Travel!<\/p>\n<\/div><\/section><br \/>\n<\/p><\/div>\n\n","protected":false},"excerpt":{"rendered":"","protected":false},"author":1,"featured_media":0,"parent":42343,"menu_order":0,"comment_status":"closed","ping_status":"closed","template":"","meta":{"_acf_changed":false,"footnotes":""},"class_list":["post-42382","page","type-page","status-publish","hentry"],"acf":[],"_links":{"self":[{"href":"https:\/\/www.frieslandhollandtravel.nl\/de\/wp-json\/wp\/v2\/pages\/42382","targetHints":{"allow":["GET"]}}],"collection":[{"href":"https:\/\/www.frieslandhollandtravel.nl\/de\/wp-json\/wp\/v2\/pages"}],"about":[{"href":"https:\/\/www.frieslandhollandtravel.nl\/de\/wp-json\/wp\/v2\/types\/page"}],"author":[{"embeddable":true,"href":"https:\/\/www.frieslandhollandtravel.nl\/de\/wp-json\/wp\/v2\/users\/1"}],"replies":[{"embeddable":true,"href":"https:\/\/www.frieslandhollandtravel.nl\/de\/wp-json\/wp\/v2\/comments?post=42382"}],"version-history":[{"count":0,"href":"https:\/\/www.frieslandhollandtravel.nl\/de\/wp-json\/wp\/v2\/pages\/42382\/revisions"}],"up":[{"embeddable":true,"href":"https:\/\/www.frieslandhollandtravel.nl\/de\/wp-json\/wp\/v2\/pages\/42343"}],"wp:attachment":[{"href":"https:\/\/www.frieslandhollandtravel.nl\/de\/wp-json\/wp\/v2\/media?parent=42382"}],"curies":[{"name":"wp","href":"https:\/\/api.w.org\/{rel}","templated":true}]}}