{"id":42819,"date":"2024-01-30T09:32:33","date_gmt":"2024-01-30T08:32:33","guid":{"rendered":"https:\/\/www.frieslandhollandtravel.nl\/ferien-in-friesland\/einzigartige-geschaefte\/"},"modified":"2025-01-03T09:37:38","modified_gmt":"2025-01-03T08:37:38","slug":"einzigartige-geschaefte","status":"publish","type":"page","link":"https:\/\/www.frieslandhollandtravel.nl\/de\/ferien-in-friesland\/einzigartige-geschaefte\/","title":{"rendered":"Einzigartige Gesch\u00e4fte"},"content":{"rendered":"\n<style type=\"text\/css\" data-created_by=\"avia_inline_auto\" id=\"style-css-av-5nitd0-c383ade0e422d558214acd694ebc63f5\">\n.avia-section.av-5nitd0-c383ade0e422d558214acd694ebc63f5{\nbackground-image:url(https:\/\/www.frieslandhollandtravel.nl\/wp-content\/uploads\/2024\/01\/header-terras-friesland-sloten.jpg);\nbackground-position:50% 50%;\n}\n<\/style>\n<div id='av_section_1'  class='avia-section av-5nitd0-c383ade0e422d558214acd694ebc63f5 avia-section- avia-  avia-builder-el-0  el_before_av_section  avia-builder-el-first  vdlp-header avia-bg-style- container_wrap fullsize'  data-section-bg-repeat=''><div class='container av-section-cont-open' ><main  role=\"main\" itemprop=\"mainContentOfPage\"  class='template-page content  av-content-full alpha units'><div class='post-entry post-entry-type-page post-entry-42819'><div class='entry-content-wrapper clearfix'>\n<\/div><\/div><\/main><!-- close content main element --><\/div><\/div><div id='av_section_2'  class='avia-section av-48dohw-4eca4e15fd689851588e47b9c5b914b1 main_color avia-section-default avia-no-border-styling  avia-builder-el-1  el_after_av_section  avia-builder-el-last  avia-bg-style-scroll container_wrap fullsize'  ><div class='container av-section-cont-open' ><div class='template-page content  av-content-full alpha units'><div class='post-entry post-entry-type-page post-entry-42819'><div class='entry-content-wrapper clearfix'>\n<div  class='flex_column av-vh51b8-ab828fe232d78097a9a91ddfce16541f av_one_full  avia-builder-el-2  avia-builder-el-no-sibling  first flex_column_div  '     ><p>\n<style type=\"text\/css\" data-created_by=\"avia_inline_auto\" id=\"style-css-av-ls03o7g3-afbbbadba3dfeba6f9dac95349ee2e18\">\n#top .av-special-heading.av-ls03o7g3-afbbbadba3dfeba6f9dac95349ee2e18{\npadding-bottom:10px;\n}\nbody .av-special-heading.av-ls03o7g3-afbbbadba3dfeba6f9dac95349ee2e18 .av-special-heading-tag .heading-char{\nfont-size:25px;\n}\n.av-special-heading.av-ls03o7g3-afbbbadba3dfeba6f9dac95349ee2e18 .av-subheading{\nfont-size:15px;\n}\n<\/style>\n<div  class='av-special-heading av-ls03o7g3-afbbbadba3dfeba6f9dac95349ee2e18 av-special-heading-h1 blockquote modern-quote  avia-builder-el-3  el_before_av_textblock  avia-builder-el-first '><h1 class='av-special-heading-tag '  itemprop=\"headline\"  >Einzigartige Gesch\u00e4fte<\/h1><div class=\"special-heading-border\"><div class=\"special-heading-inner-border\"><\/div><\/div><\/div><br \/>\n<section  class='av_textblock_section av-ls03onua-e810c58f9fd92d9558cfca22406f6d12 '   itemscope=\"itemscope\" itemtype=\"https:\/\/schema.org\/CreativeWork\" ><div class='avia_textblock'  itemprop=\"text\" ><p>Entdecken Sie die einzigartigsten Gesch\u00e4fte in Friesland. Erkunden, genie\u00dfen und erleben Sie Frysl\u00e2n mit Friesland Holland Travel!<\/p>\n<\/div><\/section><br \/>\n<\/p><\/div>\n\n","protected":false},"excerpt":{"rendered":"","protected":false},"author":1,"featured_media":0,"parent":42343,"menu_order":0,"comment_status":"closed","ping_status":"closed","template":"","meta":{"_acf_changed":false,"footnotes":""},"class_list":["post-42819","page","type-page","status-publish","hentry"],"acf":[],"_links":{"self":[{"href":"https:\/\/www.frieslandhollandtravel.nl\/de\/wp-json\/wp\/v2\/pages\/42819","targetHints":{"allow":["GET"]}}],"collection":[{"href":"https:\/\/www.frieslandhollandtravel.nl\/de\/wp-json\/wp\/v2\/pages"}],"about":[{"href":"https:\/\/www.frieslandhollandtravel.nl\/de\/wp-json\/wp\/v2\/types\/page"}],"author":[{"embeddable":true,"href":"https:\/\/www.frieslandhollandtravel.nl\/de\/wp-json\/wp\/v2\/users\/1"}],"replies":[{"embeddable":true,"href":"https:\/\/www.frieslandhollandtravel.nl\/de\/wp-json\/wp\/v2\/comments?post=42819"}],"version-history":[{"count":0,"href":"https:\/\/www.frieslandhollandtravel.nl\/de\/wp-json\/wp\/v2\/pages\/42819\/revisions"}],"up":[{"embeddable":true,"href":"https:\/\/www.frieslandhollandtravel.nl\/de\/wp-json\/wp\/v2\/pages\/42343"}],"wp:attachment":[{"href":"https:\/\/www.frieslandhollandtravel.nl\/de\/wp-json\/wp\/v2\/media?parent=42819"}],"curies":[{"name":"wp","href":"https:\/\/api.w.org\/{rel}","templated":true}]}}