{"id":42832,"date":"2020-01-31T13:18:41","date_gmt":"2020-01-31T12:18:41","guid":{"rendered":"https:\/\/www.frieslandhollandtravel.nl\/datenschutz-cookie-richtlinie\/"},"modified":"2025-01-03T10:08:16","modified_gmt":"2025-01-03T09:08:16","slug":"datenschutz-cookie-richtlinie","status":"publish","type":"page","link":"https:\/\/www.frieslandhollandtravel.nl\/de\/datenschutz-cookie-richtlinie\/","title":{"rendered":"Datenschutz &amp; Cookie-Richtlinie"},"content":{"rendered":"\n<style type=\"text\/css\" data-created_by=\"avia_inline_auto\" id=\"style-css-av-au435-9073308dc279641ba23620d7ae0d24cc\">\n.avia-section.av-au435-9073308dc279641ba23620d7ae0d24cc{\nbackground-image:url(https:\/\/www.frieslandhollandtravel.nl\/wp-content\/uploads\/2024\/01\/header-ameland-fietsen.jpg);\nbackground-position:50% 50%;\n}\n<\/style>\n<div id='av_section_1'  class='avia-section av-au435-9073308dc279641ba23620d7ae0d24cc avia-section- avia-  avia-builder-el-0  el_before_av_section  avia-builder-el-first  vdlp-header avia-bg-style- container_wrap fullsize'  data-section-bg-repeat=''><div class='container av-section-cont-open' ><main  role=\"main\" itemprop=\"mainContentOfPage\"  class='template-page content  av-content-full alpha units'><div class='post-entry post-entry-type-page post-entry-42832'><div class='entry-content-wrapper clearfix'>\n<\/div><\/div><\/main><!-- close content main element --><\/div><\/div><div id='av_section_2'  class='avia-section av-91ks9-4856d6ad92934745d30345f4219de278 main_color avia-section-default avia-no-border-styling  avia-builder-el-1  el_after_av_section  avia-builder-el-last  vdlp-narrow avia-bg-style-scroll container_wrap fullsize'  ><div class='container av-section-cont-open' ><div class='template-page content  av-content-full alpha units'><div class='post-entry post-entry-type-page post-entry-42832'><div class='entry-content-wrapper clearfix'>\n\n<style type=\"text\/css\" data-created_by=\"avia_inline_auto\" id=\"style-css-av-25tmq-21cbdbb63990bea294f2f92ca9c0ebe0\">\n.flex_column.av-25tmq-21cbdbb63990bea294f2f92ca9c0ebe0{\nborder-radius:0px 0px 0px 0px;\npadding:0px 0px 0px 0px;\n}\n<\/style>\n<div  class='flex_column av-25tmq-21cbdbb63990bea294f2f92ca9c0ebe0 av_one_full  avia-builder-el-2  avia-builder-el-no-sibling  first flex_column_div av-zero-column-padding  '     ><p>\n<style type=\"text\/css\" data-created_by=\"avia_inline_auto\" id=\"style-css-av-757d5-c154797b984304cab5ac91a5f86aeef7\">\n#top .av-special-heading.av-757d5-c154797b984304cab5ac91a5f86aeef7{\npadding-bottom:30px;\n}\nbody .av-special-heading.av-757d5-c154797b984304cab5ac91a5f86aeef7 .av-special-heading-tag .heading-char{\nfont-size:25px;\n}\n.av-special-heading.av-757d5-c154797b984304cab5ac91a5f86aeef7 .av-subheading{\nfont-size:15px;\n}\n<\/style>\n<div  class='av-special-heading av-757d5-c154797b984304cab5ac91a5f86aeef7 av-special-heading-h1 blockquote modern-quote  avia-builder-el-3  el_before_av_textblock  avia-builder-el-first  av-linked-heading'><h1 class='av-special-heading-tag '  itemprop=\"headline\"  >Datenschutz <span class='special_amp'>&amp;<\/span> Cookie-Richtlinie<\/h1><div class=\"special-heading-border\"><div class=\"special-heading-inner-border\"><\/div><\/div><\/div><br \/>\n<section  class='av_textblock_section av-s8ty-3add2adb54acd051a530509b04518bdc '   itemscope=\"itemscope\" itemtype=\"https:\/\/schema.org\/CreativeWork\" ><div class='avia_textblock'  itemprop=\"text\" ><h2>Wie Sie uns kontaktieren k\u00f6nnen<\/h2>\n<p>Wir freuen uns \u00fcber Ihre Meinung zu unserer Website und unserer Datenschutzpolitik. Wenn Sie sich mit Fragen oder Kommentaren an uns wenden m\u00f6chten, senden Sie bitte eine E-Mail an <a href=\"mailto:info@frieslandholland.nl\">info@frieslandholland.nl.<\/a> Sie k\u00f6nnen Einzelheiten zu den personenbezogenen Daten anfordern, die wir gem\u00e4\u00df der Allgemeinen Datenschutzverordnung (GDPR), die ab dem 25. Mai 2018 gilt, \u00fcber Sie gespeichert haben. Wenn Sie eine Kopie der \u00fcber Sie gespeicherten Daten w\u00fcnschen oder wenn Sie Fragen zu dieser Datenschutzrichtlinie oder zur Verwendung der \u00fcber Sie gespeicherten personenbezogenen Daten haben, schreiben Sie an: <strong>Friesland Holland Travel<\/strong>, Foarstrjitte 6, 9151 HE Holwert. Weitere Informationen \u00fcber Ihre Rechte im Rahmen der Allgemeinen Datenschutzverordnung finden Sie auf der Website der Beh\u00f6rde: <a href=\"https:\/\/autoriteitpersoonsgegevens.nl\/nl\/onderwerpen\/avg-nieuwe-europese-privacywetgeving\/algemene-informatie-avg\">https:\/\/autoriteitpersoonsgegevens.nl\/nl\/onderwerpen\/avg-nieuwe-europese-privacywetgeving\/algemene-informatie-avg<\/a> oder lesen Sie mehr \u00fcber die offizielle europ\u00e4ische Gesetzgebung unter: <a href=\"https:\/\/ec.europa.eu\/info\/law\/law-topic\/data-protection\/data-protection-eu_en\">https:\/\/ec.europa.eu\/info\/law\/law-topic\/data-protection\/data-protection-eu_en.<\/a> Ab diesem Punkt in der Erkl\u00e4rung wird <strong>Friesland Holland Travel<\/strong> im Text als &#8218;wir&#8216;, &#8218;uns&#8216; oder &#8218;unsere Website&#8216; bezeichnet.    <\/p>\n<h2>Welche Informationen sammeln wir?<\/h2>\n<p><em>Ihre Online-Sitzung mit uns<\/em><\/p>\n<p>1.<br \/>\nInformationen \u00fcber Ihren Computer 2. \u00dcber Ihre Besuche auf dieser Website und deren Nutzung (dazu geh\u00f6ren Informationen \u00fcber Ihren Browser, Ihre IP-Adresse, die Website, von der Sie gekommen sind, und die Links, denen Sie beim Verlassen unserer Website gefolgt sind). Diese Informationen werden auch \u00fcber Cookies gesammelt. <\/p>\n<p><em>Informationen zum Standort<\/em><\/p>\n<p>3. Ihr allgemeiner Standort, der anhand Ihrer IP-Adresse ermittelt und von Ihrem Browser \u00fcbermittelt wird.<\/p>\n<p><em>Pers\u00f6nliche Informationen<\/em><\/p>\n<p>4. Wenn Sie freiwillig Informationen in Formularen angeben, um mit uns in Kontakt zu treten, eine Frage zu stellen oder sich f\u00fcr den Newsletter anzumelden, geben Sie pers\u00f6nliche Daten an uns weiter. Dazu geh\u00f6ren Ihr Name, Ihre E-Mail-Adresse und alle anderen von Ihnen angeforderten und angegebenen Daten. 5. Wenn Sie Aktivit\u00e4ten auf unserer Website durchf\u00fchren (z.B. wenn Sie sich f\u00fcr den Newsletter anmelden), erfassen wir Ihren Namen, Ihre Kontaktdaten und andere Informationen, indem Sie unsere Formulare ausf\u00fcllen. <strong>Die in den Formularen gesammelten Informationen werden niemals au\u00dferhalb von uns weitergegeben<\/strong>. <\/p>\n<p><em>Finanzielle Informationen<\/em><\/p>\n<p>6. Wir fragen nicht nach finanziellen Daten und sammeln diese auch nicht. Wenn Sie jedoch das Kontaktformular ausf\u00fcllen und sich daf\u00fcr entscheiden, solche Daten zu \u00fcbermitteln, werden diese Daten niemals f\u00fcr irgendeinen Zweck verwendet. Solche Daten werden als sehr privat angesehen und von uns unter keinen Umst\u00e4nden weitergegeben. Wir bitten Sie daher, solche Daten nicht \u00fcber die Website zu \u00fcbermitteln.   <\/p>\n<p><em>Wie werden die Informationen verwendet?<\/em><\/p>\n<p>Wir verwenden die Informationen, um Ihre Bed\u00fcrfnisse zu verstehen und Ihnen einen besseren Service zu bieten. Insbesondere aus den folgenden Gr\u00fcnden: 1. f\u00fcr statistische Zwecke und Analysen zu Verwaltungszwecken, um die Website zu verwalten oder unsere Produkte und Dienstleistungen zu verbessern. 2. Um Ihnen \u00fcber die Website angebotene Dienstleistungen zu erbringen und Ihre Zahlungen zu bearbeiten. 3. F\u00fcr interne Archivierungs- und Verwaltungszwecke und um Sie \u00fcber unsere Veranstaltungen, Dienstleistungen und Produkte oder andere verwandte Informationen zu informieren, von denen wir glauben, dass sie f\u00fcr Sie von Interesse sein k\u00f6nnten, wie oben erl\u00e4utert. 4. Zur \u00dcbermittlung von Marketingnachrichten, Newslettern und Informationen unseres Unternehmens oder der Unternehmen sorgf\u00e4ltig ausgew\u00e4hlter Dritter, von denen wir glauben, dass sie f\u00fcr Sie von Interesse sein k\u00f6nnten, per Post oder E-Mail oder mit \u00e4hnlichen Technologien (Sie k\u00f6nnen uns jederzeit mitteilen, wenn Sie keine Marketingnachrichten mehr erhalten m\u00f6chten). 5. Von Zeit zu Zeit f\u00fchren wir Marktforschung durch, indem wir verf\u00fcgbare Informationen nutzen oder unsere Website verbessern, um Ihren Bed\u00fcrfnissen noch besser gerecht zu werden. <\/p>\n<h2>Weitergabe gesammelter Informationen und Beantragung der L\u00f6schung Ihrer Daten<\/h2>\n<p>Ihre Daten werden nicht an Dritte weitergegeben, es sei denn, Sie haben Ihre Zustimmung zu einer solchen Weitergabe gegeben. Sie k\u00f6nnen uns jederzeit bitten, Ihnen keine veranstaltungs- oder mitgliedsbezogenen Nachrichten mehr zu schicken, indem Sie uns eine E-Mail mit dem Wort &#8222;unsubscribe&#8220; (Abmeldung) schicken oder uns telefonisch kontaktieren. Wenn Sie eine E-Mail von uns erhalten, haben Sie in dieser Nachricht auch die M\u00f6glichkeit, den Erhalt weiterer Informationen dieser Art von uns abzulehnen. Wenn Sie m\u00f6chten, dass wir die Informationen, die wir \u00fcber Sie gespeichert haben, vernichten, teilen Sie uns dies bitte mit. Bitte beachten Sie jedoch, dass Sie, wenn Sie einen unserer Dienste nutzen, f\u00fcr den Sie pers\u00f6nliche Daten angeben m\u00fcssen, diese nach der L\u00f6schung unserer Aufzeichnungen m\u00f6glicherweise erneut angeben m\u00fcssen, um diese Dienste weiterhin nutzen zu k\u00f6nnen. Wir k\u00f6nnen Statistiken \u00fcber unsere Website-Besucher, Kunden und Bewerber weitergeben, um unsere Dienstleistungen f\u00fcr potenzielle Partner, Werbekunden und andere seri\u00f6se Dritte zu beschreiben und f\u00fcr andere rechtm\u00e4\u00dfige Zwecke. Diese Statistiken enthalten keine personenbezogenen Daten in irgendeiner Form.  <\/p>\n<h2>Cookies und Protokolldateien<\/h2>\n<p><em>Cookies<\/em><\/p>\n<p>Cookies sind Textdateien, die auf Ihrem Computer gespeichert werden und auf die nur die Websites, die sie erstellen, zugreifen k\u00f6nnen. Unsere Website kann von Zeit zu Zeit Cookies und Protokolldateien f\u00fcr statistische Analysen verwenden, um das Nutzerverhalten zu verstehen, die Website zu verwalten, die Informationen, die einem Nutzer pr\u00e4sentiert werden, auf seine Pr\u00e4ferenzen abzustimmen und die Nutzererfahrung zu verbessern. Alle Informationen, die wir durch die Verwendung von Cookies sammeln, werden auf einer aggregierten, anonymen Basis erfasst. Die meisten Webbrowser akzeptieren Cookies automatisch. Sie k\u00f6nnen Cookies jedoch l\u00f6schen oder deaktivieren, indem Sie die Anweisungen unter <a href=\"https:\/\/www.allaboutcookies.org\/manage-cookies\/\">https:\/\/www.allaboutcookies.org\/manage-cookies\/<\/a> befolgen <a href=\"https:\/\/www.allaboutcookies.org\/manage-cookies\/\">.<\/a> Bitte beachten Sie, dass Sie m\u00f6glicherweise nicht in der Lage sind, eine Website in vollem Umfang zu nutzen, wenn Sie Cookies deaktivieren. Unsere Website verwendet Cookies, um Sie eingeloggt zu halten. Die Deaktivierung von Cookies kann also dazu f\u00fchren, dass Sie den Service nur eingeschr\u00e4nkt nutzen k\u00f6nnen. Weitere Informationen \u00fcber Cookies finden Sie auf der Website des Interactive Advertising Bureau <a href=\"https:\/\/www.allaboutcookies.org\/\">www.allaboutcookies.org.<\/a> 1. Streng notwendige Cookies\/ Funktionale Cookies Dies sind Cookies, die f\u00fcr das Funktionieren der Website erforderlich sind. Ohne diese funktionalen Cookies wird unsere Website nicht optimal funktionieren. Gem\u00e4\u00df dem Cookie-Gesetz muss f\u00fcr diese Kategorie von Cookies keine Genehmigung eingeholt werden. 2.<br \/>\nAnalyse-Cookies Unsere Website arbeitet mit Statistik-Tools und verwendet diese Analyse-Cookies, damit wir messen k\u00f6nnen, woher unsere Besucher kommen, welches Betriebssystem sie verwenden, wie viele Personen bestimmte Artikel lesen usw. Diese Informationen sind f\u00fcr uns sehr wichtig; auf der Grundlage dieser Messdaten k\u00f6nnen wir die Website optimieren und benutzerfreundlicher gestalten. Unsere Website verwendet Cookies der folgenden Analyse-, Mess- und Optimierungstools: Google Analytics und Google Tag Manager. 3.<br \/>\nWerbe-Cookies Wenn Anzeigen, Werbeinhalte usw. auf Websites verwendet werden, wird in einigen F\u00e4llen ein Web-Beacon platziert, der verfolgt, wie oft die Werbeinhalte angesehen wurden. Wir versichern Ihnen, dass diese Beacons niemals datenschutzrelevante Informationen sammeln. Unsere Website verwendet derzeit keine solchen Dienste.  <\/p>\n<p><em>Videos<\/em><\/p>\n<p>Unsere Website kann Videos verwenden, die von Dritten gehostet werden, z. B. von YouTube oder einem anderen Online-Videopartner. Diese Parteien verwenden Cookies, um das ordnungsgem\u00e4\u00dfe Funktionieren dieser Videos zu erm\u00f6glichen. Wir haben keinen Einfluss auf die Verwendung von Marketing-Cookies durch diese Parteien, wenn ein Video abgespielt wird. Indem Sie unsere Website besuchen, erkl\u00e4ren Sie sich damit einverstanden.   <\/p>\n<p><em>Soziale Medien<\/em><\/p>\n<p>Wenn Sie unsere Inhalte \u00fcber soziale Medien teilen, z.B. indem Sie uns auf Facebook, LinkedIn, YouTube folgen oder auf Twitter \u00fcber uns twittern, zeichnen diese sozialen Netzwerke auf, dass Sie dies getan haben und setzen zu diesem Zweck ein Cookie und k\u00f6nnen in Zukunft auf unsere markenbezogenen Nachrichten verlinken. In einigen F\u00e4llen, wenn eine Seite auf unserer Website Inhalte aus einem sozialen Netzwerk enth\u00e4lt, wie z.B. einen Twitter-Feed oder ein Facebook-Kommentarfeld, k\u00f6nnen diese Dienste ein Cookie setzen, auch wenn Sie nicht auf eine Schaltfl\u00e4che klicken. Wie bei allen Cookies haben wir keinen Zugriff auf Cookies, die von sozialen Netzwerken gesetzt werden, genauso wie diese sozialen Netzwerke keinen Zugriff auf Cookies haben, die wir selbst setzen. Wir selbst setzen keine Cookies von sozialen Netzwerken Dritter auf unserer Website.   <\/p>\n<p><em>Log-Dateien<\/em><\/p>\n<p>Unsere Systeme sammeln automatisch anonyme Informationen \u00fcber Besucher, einschlie\u00dflich IP-Adressen, Browsertyp, Sprache sowie Zeit und Datum der Website-Besuche. Die erfassten Daten enthalten keine pers\u00f6nlich identifizierbaren Informationen und werden, wie oben beschrieben, f\u00fcr statistische Analysen, zum Verst\u00e4ndnis des Nutzerverhaltens und zur Verwaltung der Website verwendet. <\/p>\n<p><em>Google Analytics<\/em><\/p>\n<p>Unsere Website benutzt Google Analytics, einen Webanalysedienst der Google Inc (&#8222;Google&#8220;). Die durch den Cookie erzeugten Informationen \u00fcber Ihre Benutzung unserer Website (einschlie\u00dflich Ihrer IP-Adresse) werden an einen Server von Google in den Vereinigten Staaten \u00fcbertragen und dort gespeichert. Google wird diese Informationen benutzen, um Ihre Nutzung unserer Website auszuwerten, um Reports \u00fcber die Websiteaktivit\u00e4ten f\u00fcr die Websitebetreiber zusammenzustellen und um weitere mit der Websitenutzung und der Internetnutzung verbundene Dienstleistungen zu erbringen. Auch wird Google diese Informationen gegebenenfalls an Dritte \u00fcbertragen, sofern dies gesetzlich vorgeschrieben ist oder soweit Dritte diese Daten im Auftrag von Google verarbeiten. Google wird Ihre IP-Adresse nicht mit anderen von Google gespeicherten Daten in Verbindung bringen. Weitere Informationen zu den Datenschutzrichtlinien von Google finden Sie unter <a href=\"https:\/\/www.google.com\/privacy.html\">https:\/\/www.google.com\/privacy.html.<\/a>      <\/p>\n<h2>Formulare<\/h2>\n<p>Auf unserer Website haben die Nutzer die M\u00f6glichkeit, sich f\u00fcr den Newsletter anzumelden oder direkt mit uns in Kontakt zu treten. Um dies zu erm\u00f6glichen, werden auf unserer Website Formulare verwendet, in denen die Eingabe pers\u00f6nlicher Daten obligatorisch ist. Diese Daten werden in einer sicheren CMS-Datenbank gespeichert. Diese Daten werden unter keinen Umst\u00e4nden au\u00dferhalb unserer Website oder unseres Webpartners weitergegeben. In allen Online-Formularen unserer Website haben die Benutzer die M\u00f6glichkeit, ihre ausdr\u00fcckliche Zustimmung zur Weitergabe ihrer Daten an uns und unseren Webpartner zu geben oder darauf zu verzichten.    <\/p>\n<h2>Sicherheit<\/h2>\n<p>Das Internet ist kein sicheres Medium. Wir treffen jedoch angemessene technische und organisatorische Vorkehrungen, um den Verlust, den Missbrauch oder die Ver\u00e4nderung Ihrer pers\u00f6nlichen Daten zu verhindern. Wir haben verschiedene Sicherheitsverfahren eingef\u00fchrt, die in dieser Richtlinie beschrieben sind. So werden beispielsweise unsere Sicherheits- und Datenschutzrichtlinien regelm\u00e4\u00dfig \u00fcberpr\u00fcft und bei Bedarf erweitert, und nur autorisiertes Personal hat Zugang zu den Benutzerdaten. Wir verwenden eine sichere Serversoftware (SSL), um Besucherdaten und pers\u00f6nliche\/finanzielle Informationen, die Sie eingeben, zu verschl\u00fcsseln, bevor sie an uns gesendet werden, und unsere Datenbank wird in einem sicheren Rechenzentrum gehostet. Wir k\u00f6nnen zwar nicht garantieren, dass Daten nicht verloren gehen, missbraucht oder ver\u00e4ndert werden, aber wir tun alles, um dies zu verhindern.     <\/p>\n<h2>\u00c4nderungen<\/h2>\n<p>Wir k\u00f6nnen von Zeit zu Zeit \u00c4nderungen an dieser Datenschutzrichtlinie vornehmen. Wenn wir unsere Datenschutzrichtlinie \u00e4ndern, werden wir die \u00c4nderungen auf dieser Seite ver\u00f6ffentlichen. Wenn die \u00c4nderung unserer Datenschutzrichtlinien die Verwendung Ihrer pers\u00f6nlichen Daten betrifft, werden wir uns bem\u00fchen, Sie per E-Mail zu kontaktieren, um Sie um Ihre Zustimmung zu dieser Verwendung zu bitten. Die fortgesetzte Nutzung des Dienstes bedeutet, dass Sie mit diesen \u00c4nderungen einverstanden sind.   <\/p>\n<h2>Ihre Zustimmung zu dieser Datenschutzerkl\u00e4rung<\/h2>\n<p>Wenn Sie mit dieser Datenschutzrichtlinie nicht einverstanden sind, nutzen Sie unsere Website bitte nicht. Durch die Nutzung unserer Website erkl\u00e4ren Sie sich mit der Erfassung und Nutzung von Informationen durch uns einverstanden. Aufgrund der globalen Natur der Internet-Infrastruktur k\u00f6nnen die von Ihnen zur Verf\u00fcgung gestellten Informationen im Transit in L\u00e4nder au\u00dferhalb des Europ\u00e4ischen Wirtschaftsraums \u00fcbertragen werden, die keinen \u00e4hnlichen Schutz f\u00fcr Ihre Daten und deren Verwendung bieten, wie in dieser Richtlinie dargelegt. Wir haben jedoch die oben genannten Schritte unternommen, um zu versuchen, die Sicherheit Ihrer Daten zu verbessern. Indem Sie Ihre Daten \u00fcbermitteln, stimmen Sie diesen \u00dcbertragungen zu.<\/p>\n<\/div><\/section><\/p><\/div>\n\n","protected":false},"excerpt":{"rendered":"","protected":false},"author":1,"featured_media":0,"parent":0,"menu_order":1000,"comment_status":"closed","ping_status":"closed","template":"","meta":{"_acf_changed":false,"footnotes":""},"class_list":["post-42832","page","type-page","status-publish","hentry"],"acf":[],"_links":{"self":[{"href":"https:\/\/www.frieslandhollandtravel.nl\/de\/wp-json\/wp\/v2\/pages\/42832","targetHints":{"allow":["GET"]}}],"collection":[{"href":"https:\/\/www.frieslandhollandtravel.nl\/de\/wp-json\/wp\/v2\/pages"}],"about":[{"href":"https:\/\/www.frieslandhollandtravel.nl\/de\/wp-json\/wp\/v2\/types\/page"}],"author":[{"embeddable":true,"href":"https:\/\/www.frieslandhollandtravel.nl\/de\/wp-json\/wp\/v2\/users\/1"}],"replies":[{"embeddable":true,"href":"https:\/\/www.frieslandhollandtravel.nl\/de\/wp-json\/wp\/v2\/comments?post=42832"}],"version-history":[{"count":0,"href":"https:\/\/www.frieslandhollandtravel.nl\/de\/wp-json\/wp\/v2\/pages\/42832\/revisions"}],"wp:attachment":[{"href":"https:\/\/www.frieslandhollandtravel.nl\/de\/wp-json\/wp\/v2\/media?parent=42832"}],"curies":[{"name":"wp","href":"https:\/\/api.w.org\/{rel}","templated":true}]}}