{"id":42833,"date":"2023-12-06T16:26:26","date_gmt":"2023-12-06T15:26:26","guid":{"rendered":"https:\/\/www.frieslandhollandtravel.nl\/einkaufswagen\/"},"modified":"2025-01-03T10:08:50","modified_gmt":"2025-01-03T09:08:50","slug":"einkaufswagen","status":"publish","type":"page","link":"https:\/\/www.frieslandhollandtravel.nl\/de\/einkaufswagen\/","title":{"rendered":"Einkaufswagen"},"content":{"rendered":"<div data-block-name=\"woocommerce\/cart\" data-translated-with-w-p-m-l-t-m=\"1\" class=\"wp-block-woocommerce-cart alignwide is-loading\"><div data-block-name=\"woocommerce\/filled-cart-block\" data-translated-with-w-p-m-l-t-m=\"1\" class=\"wp-block-woocommerce-filled-cart-block\"><div data-block-name=\"woocommerce\/cart-items-block\" data-translated-with-w-p-m-l-t-m=\"1\" class=\"wp-block-woocommerce-cart-items-block\"><div data-block-name=\"woocommerce\/cart-line-items-block\" data-translated-with-w-p-m-l-t-m=\"1\" class=\"wp-block-woocommerce-cart-line-items-block\"> <\/div>\r\n\r\n<div data-block-name=\"woocommerce\/cart-cross-sells-block\" data-translated-with-w-p-m-l-t-m=\"1\" class=\"wp-block-woocommerce-cart-cross-sells-block\">&#13;\n<h2 class=\"wp-block-heading has-large-font-size\">Das k\u00f6nnte Sie interessieren&#8230;<\/h2>&#13;\r\n\r\n<div data-block-name=\"woocommerce\/cart-cross-sells-products-block\" data-translated-with-w-p-m-l-t-m=\"1\" class=\"wp-block-woocommerce-cart-cross-sells-products-block\"> <\/div><\/div><\/div>\r\n\r\n<div data-block-name=\"woocommerce\/cart-totals-block\" data-translated-with-w-p-m-l-t-m=\"1\" class=\"wp-block-woocommerce-cart-totals-block\"><div data-block-name=\"woocommerce\/cart-order-summary-block\" data-translated-with-w-p-m-l-t-m=\"1\" class=\"wp-block-woocommerce-cart-order-summary-block\"><div data-block-name=\"woocommerce\/cart-order-summary-heading-block\" class=\"wp-block-woocommerce-cart-order-summary-heading-block\">\u00a0<\/div>\r\n\r\n<div data-block-name=\"woocommerce\/cart-order-summary-coupon-form-block\" data-translated-with-w-p-m-l-t-m=\"1\" class=\"wp-block-woocommerce-cart-order-summary-coupon-form-block\"> <\/div>\r\n\r\n\r\n\r\n\r\n\r\n\r\n\r\n\r\n\r\n<div data-block-name=\"woocommerce\/cart-order-summary-totals-block\" class=\"wp-block-woocommerce-cart-order-summary-totals-block\">\n<div data-block-name=\"woocommerce\/cart-order-summary-subtotal-block\" data-translated-with-w-p-m-l-t-m=\"1\" class=\"wp-block-woocommerce-cart-order-summary-subtotal-block\"> <\/div>\n<div data-block-name=\"woocommerce\/cart-order-summary-discount-block\" data-translated-with-w-p-m-l-t-m=\"1\" class=\"wp-block-woocommerce-cart-order-summary-discount-block\"> <\/div>\n<div data-block-name=\"woocommerce\/cart-order-summary-fee-block\" data-translated-with-w-p-m-l-t-m=\"1\" class=\"wp-block-woocommerce-cart-order-summary-fee-block\"> <\/div>\n<div data-block-name=\"woocommerce\/cart-order-summary-shipping-block\" data-translated-with-w-p-m-l-t-m=\"1\" class=\"wp-block-woocommerce-cart-order-summary-shipping-block\"> <\/div>\n<div data-block-name=\"woocommerce\/cart-order-summary-taxes-block\" data-translated-with-w-p-m-l-t-m=\"1\" class=\"wp-block-woocommerce-cart-order-summary-taxes-block\"> <\/div><\/div><\/div>\r\n\r\n<div data-block-name=\"woocommerce\/cart-express-payment-block\" data-button-border-radius=\"4\" data-button-height=\"48\" data-show-button-styles=\"false\" data-translated-with-w-p-m-l-t-m=\"1\" class=\"wp-block-woocommerce-cart-express-payment-block\"> <\/div>\r\n\r\n<div data-block-name=\"woocommerce\/proceed-to-checkout-block\" class=\"wp-block-woocommerce-proceed-to-checkout-block\">\u00a0<\/div>\r\n\r\n<div data-block-name=\"woocommerce\/cart-accepted-payment-methods-block\" data-translated-with-w-p-m-l-t-m=\"1\" class=\"wp-block-woocommerce-cart-accepted-payment-methods-block\"> <\/div><\/div><\/div>\r\n\r\n<div data-block-name=\"woocommerce\/empty-cart-block\" data-translated-with-w-p-m-l-t-m=\"1\" class=\"wp-block-woocommerce-empty-cart-block\">&#13;\n<h3 class=\"wp-block-heading has-text-align-center with-empty-cart-icon wc-block-cart__empty-cart__title\">Ihr Warenkorb ist derzeit leer.<\/h3>&#13;\r\n\r\n&#13;\n<h4 class=\"wp-block-heading has-text-align-center wc-block-cart__empty-cart__title\">Das wollen wir \u00e4ndern: Sehen Sie sich unsere Bestseller an<\/h4>&#13;\r\n\r\n<div data-block-name=\"woocommerce\/product-best-sellers\" data-columns=\"4\" data-rows=\"1\" class=\"wc-block-grid wp-block-product-best-sellers wp-block-woocommerce-product-best-sellers wc-block-product-best-sellers has-4-columns\"><ul class=\"wc-block-grid__products\"><li class=\"wc-block-grid__product\">\n\t\t\t\t<a href=\"https:\/\/www.frieslandhollandtravel.nl\/de\/reisen\/5-taegiges-elfsteden-radpaket\/\" class=\"wc-block-grid__product-link\">\n\t\t\t\t\t\n\t\t\t\t\t<div class=\"wc-block-grid__product-image\"><div class='container-image-and-badge  '><img loading=\"lazy\" decoding=\"async\" width=\"300\" height=\"300\" src=\"https:\/\/www.frieslandhollandtravel.nl\/wp-content\/uploads\/2023\/12\/2bIJlstP5260822-300x300.jpg\" class=\"attachment-woocommerce_thumbnail size-woocommerce_thumbnail\" alt=\"5 Tage Romantik auf dem Rad \u2013 Die legend\u00e4ren Elf-St\u00e4dte\" srcset=\"https:\/\/www.frieslandhollandtravel.nl\/wp-content\/uploads\/2023\/12\/2bIJlstP5260822-300x300.jpg 300w, https:\/\/www.frieslandhollandtravel.nl\/wp-content\/uploads\/2023\/12\/2bIJlstP5260822-100x100.jpg 100w, https:\/\/www.frieslandhollandtravel.nl\/wp-content\/uploads\/2023\/12\/2bIJlstP5260822-80x80.jpg 80w, https:\/\/www.frieslandhollandtravel.nl\/wp-content\/uploads\/2023\/12\/2bIJlstP5260822-36x36.jpg 36w, https:\/\/www.frieslandhollandtravel.nl\/wp-content\/uploads\/2023\/12\/2bIJlstP5260822-120x120.jpg 120w, https:\/\/www.frieslandhollandtravel.nl\/wp-content\/uploads\/2023\/12\/2bIJlstP5260822-450x450.jpg 450w\" sizes=\"auto, (max-width: 300px) 100vw, 300px\" \/><div class='yith-wcbm-badge yith-wcbm-badge-42734 yith-wcbm-badge-image yith-wcbm-badge--on-product-43271 yith-wcbm-badge-image-uploaded' data-position='{&quot;top&quot;:&quot;0&quot;,&quot;right&quot;:&quot;auto&quot;,&quot;bottom&quot;:&quot;auto&quot;,&quot;left&quot;:&quot;0&quot;}' data-transform=''>\n\t<div class='yith-wcbm-badge__wrap'>\n\t\t<img decoding=\"async\" src=\"https:\/\/www.frieslandhollandtravel.nl\/wp-content\/uploads\/2024\/02\/Hele-tocht.png\" alt=\"YITH Badge\"\/>\n\t<\/div>\n<\/div>\n<!--yith-wcbm-badge-->\n\n<div class='yith-wcbm-badge yith-wcbm-badge-43055 yith-wcbm-badge-text yith-wcbm-badge--on-product-43271 yith-wcbm-badge-text' data-position='{&quot;top&quot;:&quot;0&quot;,&quot;right&quot;:&quot;0&quot;,&quot;bottom&quot;:&quot;auto&quot;,&quot;left&quot;:&quot;auto&quot;}' data-transform=''>\n\t<div class='yith-wcbm-badge__wrap'>\n\t\t<div class=\"yith-wcbm-badge-text\"><p>60 &#8211; 80 km pro Tag<\/p><\/div>\n\t<\/div>\n<\/div>\n<!--yith-wcbm-badge-->\n<\/div><!--container-image-and-badge--><\/div>\n\t\t\t\t\t<div class=\"wc-block-grid__product-title\">5 Tage Romantik auf dem Rad \u2013 Die legend\u00e4ren Elf-St\u00e4dte<\/div>\n\t\t\t\t<\/a>\n\t\t\t\t<div class=\"wc-block-grid__product-price price\"><span class=\"woocommerce-price-before\">Startpreis (p.p.): <\/span><span class=\"woocommerce-Price-amount amount\"><span class=\"woocommerce-Price-currencySymbol\">&euro;<\/span>&nbsp;595,00<\/span><\/div>\n\t\t\t\t\n\t\t\t\t<div class=\"wp-block-button wc-block-grid__product-add-to-cart\"><a href=\"https:\/\/www.frieslandhollandtravel.nl\/de\/reisen\/5-taegiges-elfsteden-radpaket\/\" aria-label=\"In den Warenkorb legen: \u201e5 Tage Romantik auf dem Rad \u2013 Die legend\u00e4ren Elf-St\u00e4dte\u201c\" data-quantity=\"1\" data-product_id=\"43271\" data-product_sku=\"dca49d1a5928\" data-price=\"595\" rel=\"nofollow\" class=\"wp-block-button__link  add_to_cart_button\">Ausf\u00fchrung w\u00e4hlen<\/a><\/div>\n\t\t\t<\/li><li class=\"wc-block-grid__product\">\n\t\t\t\t<a href=\"https:\/\/www.frieslandhollandtravel.nl\/de\/reisen\/7-taegiger-radurlaub-gesamte-elfstedentocht\/\" class=\"wc-block-grid__product-link\">\n\t\t\t\t\t\n\t\t\t\t\t<div class=\"wc-block-grid__product-image\"><div class='container-image-and-badge  '><img loading=\"lazy\" decoding=\"async\" width=\"300\" height=\"300\" src=\"https:\/\/www.frieslandhollandtravel.nl\/wp-content\/uploads\/2023\/12\/stad-nr-4-sloten-300x300.jpg\" class=\"attachment-woocommerce_thumbnail size-woocommerce_thumbnail\" alt=\"7-t\u00e4giger Radurlaub \u2013 Romantische Elf-St\u00e4dte-Tour durch Friesland\" srcset=\"https:\/\/www.frieslandhollandtravel.nl\/wp-content\/uploads\/2023\/12\/stad-nr-4-sloten-300x300.jpg 300w, https:\/\/www.frieslandhollandtravel.nl\/wp-content\/uploads\/2023\/12\/stad-nr-4-sloten-450x450.jpg 450w, https:\/\/www.frieslandhollandtravel.nl\/wp-content\/uploads\/2023\/12\/stad-nr-4-sloten-250x250.jpg 250w, https:\/\/www.frieslandhollandtravel.nl\/wp-content\/uploads\/2023\/12\/stad-nr-4-sloten-80x80.jpg 80w, https:\/\/www.frieslandhollandtravel.nl\/wp-content\/uploads\/2023\/12\/stad-nr-4-sloten-36x36.jpg 36w, https:\/\/www.frieslandhollandtravel.nl\/wp-content\/uploads\/2023\/12\/stad-nr-4-sloten-120x120.jpg 120w, https:\/\/www.frieslandhollandtravel.nl\/wp-content\/uploads\/2023\/12\/stad-nr-4-sloten-100x100.jpg 100w\" sizes=\"auto, (max-width: 300px) 100vw, 300px\" \/><div class='yith-wcbm-badge yith-wcbm-badge-42734 yith-wcbm-badge-image yith-wcbm-badge--on-product-43082 yith-wcbm-badge-image-uploaded' data-position='{&quot;top&quot;:&quot;0&quot;,&quot;right&quot;:&quot;auto&quot;,&quot;bottom&quot;:&quot;auto&quot;,&quot;left&quot;:&quot;0&quot;}' data-transform=''>\n\t<div class='yith-wcbm-badge__wrap'>\n\t\t<img decoding=\"async\" src=\"https:\/\/www.frieslandhollandtravel.nl\/wp-content\/uploads\/2024\/02\/Hele-tocht.png\" alt=\"YITH Badge\"\/>\n\t<\/div>\n<\/div>\n<!--yith-wcbm-badge-->\n\n<div class='yith-wcbm-badge yith-wcbm-badge-43062 yith-wcbm-badge-text yith-wcbm-badge--on-product-43082 yith-wcbm-badge-text' data-position='{&quot;top&quot;:&quot;0&quot;,&quot;right&quot;:&quot;0&quot;,&quot;bottom&quot;:&quot;auto&quot;,&quot;left&quot;:&quot;auto&quot;}' data-transform=''>\n\t<div class='yith-wcbm-badge__wrap'>\n\t\t<div class=\"yith-wcbm-badge-text\"><p>30 &#8211; 70 km pro Tag<\/p><\/div>\n\t<\/div>\n<\/div>\n<!--yith-wcbm-badge-->\n<\/div><!--container-image-and-badge--><\/div>\n\t\t\t\t\t<div class=\"wc-block-grid__product-title\">7-t\u00e4giger Radurlaub \u2013 Romantische Elf-St\u00e4dte-Tour durch Friesland<\/div>\n\t\t\t\t<\/a>\n\t\t\t\t<div class=\"wc-block-grid__product-price price\"><span class=\"woocommerce-price-before\">Startpreis (p.p.): <\/span><span class=\"woocommerce-Price-amount amount\"><span class=\"woocommerce-Price-currencySymbol\">&euro;<\/span>&nbsp;825,00<\/span><\/div>\n\t\t\t\t\n\t\t\t\t<div class=\"wp-block-button wc-block-grid__product-add-to-cart\"><a href=\"https:\/\/www.frieslandhollandtravel.nl\/de\/reisen\/7-taegiger-radurlaub-gesamte-elfstedentocht\/\" aria-label=\"In den Warenkorb legen: \u201e7-t\u00e4giger Radurlaub \u2013 Romantische Elf-St\u00e4dte-Tour durch Friesland\u201c\" data-quantity=\"1\" data-product_id=\"43082\" data-product_sku=\"48e72a50e74d\" data-price=\"825\" rel=\"nofollow\" class=\"wp-block-button__link  add_to_cart_button\">Ausf\u00fchrung w\u00e4hlen<\/a><\/div>\n\t\t\t<\/li><li class=\"wc-block-grid__product\">\n\t\t\t\t<a href=\"https:\/\/www.frieslandhollandtravel.nl\/de\/reisen\/6-taegiges-elfenstadt-radpaket\/\" class=\"wc-block-grid__product-link\">\n\t\t\t\t\t\n\t\t\t\t\t<div class=\"wc-block-grid__product-image\"><div class='container-image-and-badge  '><img loading=\"lazy\" decoding=\"async\" width=\"300\" height=\"300\" src=\"https:\/\/www.frieslandhollandtravel.nl\/wp-content\/uploads\/2023\/12\/11_Dokkum_Stadhuis\u00a9www_frieslandholland_nl-2-300x300.jpg\" class=\"attachment-woocommerce_thumbnail size-woocommerce_thumbnail\" alt=\"Romantische Elf-St\u00e4dte-Radtour: 6 Tage durch Frieslands sch\u00f6ne St\u00e4dte\" srcset=\"https:\/\/www.frieslandhollandtravel.nl\/wp-content\/uploads\/2023\/12\/11_Dokkum_Stadhuis\u00a9www_frieslandholland_nl-2-300x300.jpg 300w, https:\/\/www.frieslandhollandtravel.nl\/wp-content\/uploads\/2023\/12\/11_Dokkum_Stadhuis\u00a9www_frieslandholland_nl-2-450x450.jpg 450w, https:\/\/www.frieslandhollandtravel.nl\/wp-content\/uploads\/2023\/12\/11_Dokkum_Stadhuis\u00a9www_frieslandholland_nl-2-250x250.jpg 250w, https:\/\/www.frieslandhollandtravel.nl\/wp-content\/uploads\/2023\/12\/11_Dokkum_Stadhuis\u00a9www_frieslandholland_nl-2-80x80.jpg 80w, https:\/\/www.frieslandhollandtravel.nl\/wp-content\/uploads\/2023\/12\/11_Dokkum_Stadhuis\u00a9www_frieslandholland_nl-2-36x36.jpg 36w, https:\/\/www.frieslandhollandtravel.nl\/wp-content\/uploads\/2023\/12\/11_Dokkum_Stadhuis\u00a9www_frieslandholland_nl-2-120x120.jpg 120w, https:\/\/www.frieslandhollandtravel.nl\/wp-content\/uploads\/2023\/12\/11_Dokkum_Stadhuis\u00a9www_frieslandholland_nl-2-100x100.jpg 100w\" sizes=\"auto, (max-width: 300px) 100vw, 300px\" \/><div class='yith-wcbm-badge yith-wcbm-badge-42734 yith-wcbm-badge-image yith-wcbm-badge--on-product-43009 yith-wcbm-badge-image-uploaded' data-position='{&quot;top&quot;:&quot;0&quot;,&quot;right&quot;:&quot;auto&quot;,&quot;bottom&quot;:&quot;auto&quot;,&quot;left&quot;:&quot;0&quot;}' data-transform=''>\n\t<div class='yith-wcbm-badge__wrap'>\n\t\t<img decoding=\"async\" src=\"https:\/\/www.frieslandhollandtravel.nl\/wp-content\/uploads\/2024\/02\/Hele-tocht.png\" alt=\"YITH Badge\"\/>\n\t<\/div>\n<\/div>\n<!--yith-wcbm-badge-->\n<\/div><!--container-image-and-badge--><\/div>\n\t\t\t\t\t<div class=\"wc-block-grid__product-title\">Romantische Elf-St\u00e4dte-Radtour: 6 Tage durch Frieslands sch\u00f6ne St\u00e4dte<\/div>\n\t\t\t\t<\/a>\n\t\t\t\t<div class=\"wc-block-grid__product-price price\"><span class=\"woocommerce-price-before\">Startpreis (p.p.): <\/span><span class=\"woocommerce-Price-amount amount\"><span class=\"woocommerce-Price-currencySymbol\">&euro;<\/span>&nbsp;720,00<\/span><\/div>\n\t\t\t\t\n\t\t\t\t<div class=\"wp-block-button wc-block-grid__product-add-to-cart\"><a href=\"https:\/\/www.frieslandhollandtravel.nl\/de\/reisen\/6-taegiges-elfenstadt-radpaket\/\" aria-label=\"In den Warenkorb legen: \u201eRomantische Elf-St\u00e4dte-Radtour: 6 Tage durch Frieslands sch\u00f6ne St\u00e4dte\u201c\" data-quantity=\"1\" data-product_id=\"43009\" data-product_sku=\"e6effb67cd9e\" data-price=\"720\" rel=\"nofollow\" class=\"wp-block-button__link  add_to_cart_button\">Ausf\u00fchrung w\u00e4hlen<\/a><\/div>\n\t\t\t<\/li><li class=\"wc-block-grid__product\">\n\t\t\t\t<a href=\"https:\/\/www.frieslandhollandtravel.nl\/de\/reisen\/43013\/\" class=\"wc-block-grid__product-link\">\n\t\t\t\t\t\n\t\t\t\t\t<div class=\"wc-block-grid__product-image\"><div class='container-image-and-badge  '><img loading=\"lazy\" decoding=\"async\" width=\"300\" height=\"300\" src=\"https:\/\/www.frieslandhollandtravel.nl\/wp-content\/uploads\/2023\/12\/8aHindeloopenP6200053-300x300.jpg\" class=\"attachment-woocommerce_thumbnail size-woocommerce_thumbnail\" alt=\"Hindeloopen \" srcset=\"https:\/\/www.frieslandhollandtravel.nl\/wp-content\/uploads\/2023\/12\/8aHindeloopenP6200053-300x300.jpg 300w, https:\/\/www.frieslandhollandtravel.nl\/wp-content\/uploads\/2023\/12\/8aHindeloopenP6200053-100x100.jpg 100w, https:\/\/www.frieslandhollandtravel.nl\/wp-content\/uploads\/2023\/12\/8aHindeloopenP6200053-80x80.jpg 80w, https:\/\/www.frieslandhollandtravel.nl\/wp-content\/uploads\/2023\/12\/8aHindeloopenP6200053-36x36.jpg 36w, https:\/\/www.frieslandhollandtravel.nl\/wp-content\/uploads\/2023\/12\/8aHindeloopenP6200053-120x120.jpg 120w, https:\/\/www.frieslandhollandtravel.nl\/wp-content\/uploads\/2023\/12\/8aHindeloopenP6200053-450x450.jpg 450w\" sizes=\"auto, (max-width: 300px) 100vw, 300px\" \/><div class='yith-wcbm-badge yith-wcbm-badge-43020 yith-wcbm-badge-image yith-wcbm-badge--on-product-43013 yith-wcbm-badge-image-uploaded' data-position='{&quot;top&quot;:&quot;0percentage&quot;,&quot;right&quot;:&quot;0percentage&quot;,&quot;bottom&quot;:&quot;0percentage&quot;,&quot;left&quot;:&quot;1percentage&quot;}' data-transform=''>\n\t<div class='yith-wcbm-badge__wrap'>\n\t\t<img decoding=\"async\" src=\"https:\/\/www.frieslandhollandtravel.nl\/wp-content\/uploads\/2024\/02\/Zuid.png\" alt=\"YITH Badge\"\/>\n\t<\/div>\n<\/div>\n<!--yith-wcbm-badge-->\n\n<div class='yith-wcbm-badge yith-wcbm-badge-43016 yith-wcbm-badge-text yith-wcbm-badge--on-product-43013 yith-wcbm-badge-text' data-position='{&quot;top&quot;:&quot;0&quot;,&quot;right&quot;:&quot;0&quot;,&quot;bottom&quot;:&quot;auto&quot;,&quot;left&quot;:&quot;auto&quot;}' data-transform=''>\n\t<div class='yith-wcbm-badge__wrap'>\n\t\t<div class=\"yith-wcbm-badge-text\"><p>25 &#8211; 45 km pro Tag.<\/p><\/div>\n\t<\/div>\n<\/div>\n<!--yith-wcbm-badge-->\n<\/div><!--container-image-and-badge--><\/div>\n\t\t\t\t\t<div class=\"wc-block-grid__product-title\">Romantische 5-t\u00e4gige Radtour: Entdecken Sie 10 der Elf St\u00e4dte<\/div>\n\t\t\t\t<\/a>\n\t\t\t\t<div class=\"wc-block-grid__product-price price\"><span class=\"woocommerce-price-before\">Startpreis (p.p.): <\/span><span class=\"woocommerce-Price-amount amount\"><span class=\"woocommerce-Price-currencySymbol\">&euro;<\/span>&nbsp;595,00<\/span><\/div>\n\t\t\t\t\n\t\t\t\t<div class=\"wp-block-button wc-block-grid__product-add-to-cart\"><a href=\"https:\/\/www.frieslandhollandtravel.nl\/de\/reisen\/43013\/\" aria-label=\"In den Warenkorb legen: \u201eRomantische 5-t\u00e4gige Radtour: Entdecken Sie 10 der Elf St\u00e4dte\u201c\" data-quantity=\"1\" data-product_id=\"43013\" data-product_sku=\"8b8d1da62eae\" data-price=\"595\" rel=\"nofollow\" class=\"wp-block-button__link  add_to_cart_button\">Ausf\u00fchrung w\u00e4hlen<\/a><\/div>\n\t\t\t<\/li><\/ul><\/div><\/div><\/div>","protected":false},"excerpt":{"rendered":"","protected":false},"author":1,"featured_media":0,"parent":0,"menu_order":1000,"comment_status":"closed","ping_status":"closed","template":"","meta":{"_acf_changed":false,"footnotes":""},"class_list":["post-42833","page","type-page","status-publish","hentry"],"acf":[],"_links":{"self":[{"href":"https:\/\/www.frieslandhollandtravel.nl\/de\/wp-json\/wp\/v2\/pages\/42833","targetHints":{"allow":["GET"]}}],"collection":[{"href":"https:\/\/www.frieslandhollandtravel.nl\/de\/wp-json\/wp\/v2\/pages"}],"about":[{"href":"https:\/\/www.frieslandhollandtravel.nl\/de\/wp-json\/wp\/v2\/types\/page"}],"author":[{"embeddable":true,"href":"https:\/\/www.frieslandhollandtravel.nl\/de\/wp-json\/wp\/v2\/users\/1"}],"replies":[{"embeddable":true,"href":"https:\/\/www.frieslandhollandtravel.nl\/de\/wp-json\/wp\/v2\/comments?post=42833"}],"version-history":[{"count":0,"href":"https:\/\/www.frieslandhollandtravel.nl\/de\/wp-json\/wp\/v2\/pages\/42833\/revisions"}],"wp:attachment":[{"href":"https:\/\/www.frieslandhollandtravel.nl\/de\/wp-json\/wp\/v2\/media?parent=42833"}],"curies":[{"name":"wp","href":"https:\/\/api.w.org\/{rel}","templated":true}]}}