{"id":48187,"date":"2025-11-11T15:38:25","date_gmt":"2025-11-11T14:38:25","guid":{"rendered":"https:\/\/www.frieslandhollandtravel.nl\/weitere-optionen\/"},"modified":"2025-11-11T16:32:08","modified_gmt":"2025-11-11T15:32:08","slug":"weitere-optionen","status":"publish","type":"page","link":"https:\/\/www.frieslandhollandtravel.nl\/de\/weitere-optionen\/","title":{"rendered":"Weitere Optionen"},"content":{"rendered":"<p><div id='av_section_1'  class='avia-section av-33pw8sz-6b120ebe7634da641299f2d35974c1ee main_color avia-section-default avia-no-border-styling  avia-builder-el-0  el_before_av_postcontent  avia-builder-el-first  avia-bg-style-scroll container_wrap fullsize'  ><div class='container av-section-cont-open' ><main  role=\"main\" itemprop=\"mainContentOfPage\"  class='template-page content  av-content-full alpha units'><div class='post-entry post-entry-type-page post-entry-48187'><div class='entry-content-wrapper clearfix'>\n<div  class='flex_column av-2oioqpf-74ed40a5e79a437e064307b9327b81f6 av_three_fourth  avia-builder-el-1  avia-builder-el-no-sibling  first flex_column_div  '     ><p>\n<style type=\"text\/css\" data-created_by=\"avia_inline_auto\" id=\"style-css-av-ls8s2hw6-afe57094cc6ff9a12edf6b537d3ee2a2\">\n#top .av-special-heading.av-ls8s2hw6-afe57094cc6ff9a12edf6b537d3ee2a2{\npadding-bottom:20px;\n}\nbody .av-special-heading.av-ls8s2hw6-afe57094cc6ff9a12edf6b537d3ee2a2 .av-special-heading-tag .heading-char{\nfont-size:25px;\n}\n.av-special-heading.av-ls8s2hw6-afe57094cc6ff9a12edf6b537d3ee2a2 .av-subheading{\nfont-size:15px;\n}\n<\/style>\n<div  class='av-special-heading av-ls8s2hw6-afe57094cc6ff9a12edf6b537d3ee2a2 av-special-heading-h1 blockquote modern-quote  avia-builder-el-2  el_before_av_textblock  avia-builder-el-first '><h1 class='av-special-heading-tag '  itemprop=\"headline\"  >Weitere Optionen<\/h1><div class='av-subheading av-subheading_below'><p>Genie\u00dfen Sie das echte Friesland mit einer komplett organisierten Reise. Von wasserreichen Landschaften und historischen St\u00e4dten bis hin zu gastfreundlichen Hotels und kulinarischen \u00dcberraschungen \u2013 alles ist f\u00fcr Sie organisiert. Entspannen, entdecken und genie\u00dfen: Das ist Reisen mit Friesland Holland Travel.<\/p>\n<\/div><div class=\"special-heading-border\"><div class=\"special-heading-inner-border\"><\/div><\/div><\/div><br \/>\n<section  class='av_textblock_section av-ls8s3xhz-302e6ebbf967839003e354151f94f2ce '   itemscope=\"itemscope\" itemtype=\"https:\/\/schema.org\/CreativeWork\" ><div class='avia_textblock'  itemprop=\"text\" ><p>Erkunden Sie die friesische Landschaft sorgenfrei mit dem Fahrrad, Auto oder Motorrad. Wir k\u00fcmmern uns um alles f\u00fcr Sie! Unsere Arrangements beinhalten: \u00dcbernachtungen, Fr\u00fchst\u00fcck, Abendessen (optional), Gep\u00e4cktransport, Reiseunterlagen und Pannenservice (optional). Sie starten in einer Stadt Ihrer Wahl.<\/p>\n<\/div><\/section><br \/>\n\n<style type=\"text\/css\" data-created_by=\"avia_inline_auto\" id=\"style-css-av-mhm5aaee-ef813040ae4a54203daa9e2cf5e0ee19\">\n#top .hr.hr-invisible.av-mhm5aaee-ef813040ae4a54203daa9e2cf5e0ee19{\nheight:50px;\n}\n<\/style>\n<div  class='hr av-mhm5aaee-ef813040ae4a54203daa9e2cf5e0ee19 hr-invisible  avia-builder-el-4  el_after_av_textblock  avia-builder-el-last '><span class='hr-inner '><span class=\"hr-inner-style\"><\/span><\/span><\/div><\/p><\/div>\n[av_section min_height='' min_height_pc='25' min_height_px='500px' shadow='no-border-styling' bottom_border='no-border-styling' bottom_border_diagonal_color='#333333' bottom_border_diagonal_direction='' bottom_border_style='' padding='default' custom_margin='0px' custom_margin_sync='true' av-desktop-custom_margin='' av-desktop-custom_margin_sync='true' av-medium-custom_margin='' av-medium-custom_margin_sync='true' av-small-custom_margin='' av-small-custom_margin_sync='true' av-mini-custom_margin='' av-mini-custom_margin_sync='true' svg_div_top='' svg_div_top_color='#333333' svg_div_top_width='100' svg_div_top_height='50' svg_div_top_max_height='none' svg_div_top_opacity='' svg_div_bottom='' svg_div_bottom_color='#333333' svg_div_bottom_width='100' svg_div_bottom_height='50' svg_div_bottom_max_height='none' svg_div_bottom_opacity='' fold_type='' fold_height='' fold_more='Lees meer' fold_less='Lees minder' fold_text_style='' fold_btn_align='' color='main_color' background='bg_color' custom_bg='' background_gradient_direction='vertical' background_gradient_color1='#000000' background_gradient_color2='#ffffff' background_gradient_color3='' src='' attachment='' attachment_size='' attach='scroll' position='top left' repeat='no-repeat' video='' video_ratio='16:9' overlay_opacity='0.5' overlay_color='' overlay_pattern='' overlay_custom_pattern='' custom_arrow_bg='' fold_overlay_color='' fold_text_color='' fold_btn_color='theme-color' fold_btn_bg_color='' fold_btn_font_color='' size-btn-text='' av-desktop-font-size-btn-text='' av-medium-font-size-btn-text='' av-small-font-size-btn-text='' av-mini-font-size-btn-text='' fold_timer='' z_index_fold='' css_position_z_index='' av-desktop-css_position_z_index='' av-medium-css_position_z_index='' av-small-css_position_z_index='' av-mini-css_position_z_index='' id='hotels' custom_class='' template_class='' aria_label='' element_template='' one_element_template='' av_element_hidden_in_editor='0' av_uid='av-1j2x1fl' sc_version='1.0']\n[av_heading heading='Ein Eindruck von unseren Mitgliedshotels' tag='h2' style='blockquote modern-quote' subheading_active='' show_icon='' icon='ue800' font='' size='' av-desktop-font-size-title='' av-medium-font-size-title='' av-small-font-size-title='' av-mini-font-size-title='' subheading_size='15' av-desktop-font-size='' av-medium-font-size='' av-small-font-size='' av-mini-font-size='' icon_size='' av-desktop-font-size-1='' av-medium-font-size-1='' av-small-font-size-1='' av-mini-font-size-1='' color='' custom_font='' subheading_color='' seperator_color='' icon_color='' margin='' margin_sync='true' av-desktop-margin='' av-desktop-margin_sync='true' av-medium-margin='' av-medium-margin_sync='true' av-small-margin='' av-small-margin_sync='true' av-mini-margin='' av-mini-margin_sync='true' headline_padding='' headline_padding_sync='true' av-desktop-headline_padding='' av-desktop-headline_padding_sync='true' av-medium-headline_padding='' av-medium-headline_padding_sync='true' av-small-headline_padding='' av-small-headline_padding_sync='true' av-mini-headline_padding='' av-mini-headline_padding_sync='true' padding='10' av-desktop-padding='' av-medium-padding='' av-small-padding='' av-mini-padding='' icon_padding='10' av-desktop-icon_padding='' av-medium-icon_padding='' av-small-icon_padding='' av-mini-icon_padding='' link='manually,http:\/\/' link_target='' title_attr='' id='' custom_class='' template_class='' element_template='' one_element_template='' av_uid='av-14vfjmp' sc_version='1.0' admin_preview_bg=''][\/av_heading]\n[\/av_section]\n\n[av_horizontal_gallery ids='40144,40148,40150,40152,40158,40160,40162,40166,40168,40170,40172,40174,40176,40180,40190,40192,40196,40198,44067,44075,44078,44081,44084,44087,44095,44098,44101,44110,44113,44133,44137,44140,44116,44120,44123,44126,44130,44153,44165,44168' ids_dynamic='' initial='8' img_copyright='left' height='25' size='large' gap='no' active='' control_layout='av-control-default' slider_navigation='av-navigate-arrows av-navigate-dots' nav_visibility_desktop='' nav_arrow_color='' nav_arrow_bg_color='' nav_dots_color='' nav_dot_active_color='' lightbox_arrow_color='' lightbox_arrow_bg_color='' img_copyright_font='' av-desktop-font-img_copyright_font='' av-medium-font-img_copyright_font='' av-small-font-img_copyright_font='' av-mini-font-img_copyright_font='' img_copyright_color='' img_copyright_bg='' transition_speed='' autoplay='true' interval='5' manual_stopper='aviaTBmanual_stopper' links='active' link_dest='' lightbox_text='caption' img_scrset='' lazy_loading='disabled' alb_description='Impressie hotels' id='' custom_class='vdlp-gallery' template_class='' element_template='' one_element_template='' av_uid='av-n8cgn5' sc_version='1.0'][\/av_horizontal_gallery]\n\n<\/p>\n","protected":false},"excerpt":{"rendered":"","protected":false},"author":8,"featured_media":0,"parent":0,"menu_order":0,"comment_status":"closed","ping_status":"closed","template":"","meta":{"_acf_changed":false,"footnotes":""},"class_list":["post-48187","page","type-page","status-publish","hentry"],"acf":[],"_links":{"self":[{"href":"https:\/\/www.frieslandhollandtravel.nl\/de\/wp-json\/wp\/v2\/pages\/48187","targetHints":{"allow":["GET"]}}],"collection":[{"href":"https:\/\/www.frieslandhollandtravel.nl\/de\/wp-json\/wp\/v2\/pages"}],"about":[{"href":"https:\/\/www.frieslandhollandtravel.nl\/de\/wp-json\/wp\/v2\/types\/page"}],"author":[{"embeddable":true,"href":"https:\/\/www.frieslandhollandtravel.nl\/de\/wp-json\/wp\/v2\/users\/8"}],"replies":[{"embeddable":true,"href":"https:\/\/www.frieslandhollandtravel.nl\/de\/wp-json\/wp\/v2\/comments?post=48187"}],"version-history":[{"count":0,"href":"https:\/\/www.frieslandhollandtravel.nl\/de\/wp-json\/wp\/v2\/pages\/48187\/revisions"}],"wp:attachment":[{"href":"https:\/\/www.frieslandhollandtravel.nl\/de\/wp-json\/wp\/v2\/media?parent=48187"}],"curies":[{"name":"wp","href":"https:\/\/api.w.org\/{rel}","templated":true}]}}