{"id":48192,"date":"2025-11-11T15:47:02","date_gmt":"2025-11-11T14:47:02","guid":{"rendered":"https:\/\/www.frieslandhollandtravel.nl\/markant-friesland\/"},"modified":"2026-04-09T13:31:43","modified_gmt":"2026-04-09T11:31:43","slug":"markantfriesland","status":"publish","type":"page","link":"https:\/\/www.frieslandhollandtravel.nl\/de\/markantfriesland\/","title":{"rendered":"Markant Friesland"},"content":{"rendered":"<div id='av_section_1'  class='avia-section av-33pw8sz-6b120ebe7634da641299f2d35974c1ee main_color avia-section-default avia-no-border-styling  avia-builder-el-0  el_before_av_section  avia-builder-el-first  avia-bg-style-scroll container_wrap fullsize'  ><div class='container av-section-cont-open' ><main  role=\"main\" itemprop=\"mainContentOfPage\"  class='template-page content  av-content-full alpha units'><div class='post-entry post-entry-type-page post-entry-48192'><div class='entry-content-wrapper clearfix'>\n<div  class='flex_column av-2oioqpf-74ed40a5e79a437e064307b9327b81f6 av_three_fourth  avia-builder-el-1  el_before_av_productslider  avia-builder-el-first  first flex_column_div  '     ><p>\n<style type=\"text\/css\" data-created_by=\"avia_inline_auto\" id=\"style-css-av-ls8s2hw6-2a068088317a3e2a18c2b72d2575f665\">\n#top .av-special-heading.av-ls8s2hw6-2a068088317a3e2a18c2b72d2575f665{\npadding-bottom:20px;\n}\nbody .av-special-heading.av-ls8s2hw6-2a068088317a3e2a18c2b72d2575f665 .av-special-heading-tag .heading-char{\nfont-size:25px;\n}\n.av-special-heading.av-ls8s2hw6-2a068088317a3e2a18c2b72d2575f665 .av-subheading{\nfont-size:15px;\n}\n<\/style>\n<div  class='av-special-heading av-ls8s2hw6-2a068088317a3e2a18c2b72d2575f665 av-special-heading-h1 blockquote modern-quote  avia-builder-el-2  el_before_av_textblock  avia-builder-el-first '><h1 class='av-special-heading-tag '  itemprop=\"headline\"  >Friese Wouden <\/h1><div class='av-subheading av-subheading_below'><p>Mit dem Fahrrad, Motorrad oder Auto<\/p>\n<\/div><div class=\"special-heading-border\"><div class=\"special-heading-inner-border\"><\/div><\/div><\/div><br \/>\n<section  class='av_textblock_section av-ls8s3xhz-302e6ebbf967839003e354151f94f2ce '   itemscope=\"itemscope\" itemtype=\"https:\/\/schema.org\/CreativeWork\" ><div class='avia_textblock'  itemprop=\"text\" ><p>Erkunden Sie die friesische Landschaft sorgenfrei mit dem Fahrrad, Auto oder Motorrad. Wir k\u00fcmmern uns um alles f\u00fcr Sie! Unsere Arrangements beinhalten: \u00dcbernachtungen, Fr\u00fchst\u00fcck, Abendessen (optional), Gep\u00e4cktransport, Reiseunterlagen und Pannenservice (optional). Sie starten in einer Stadt Ihrer Wahl.<\/p>\n<\/div><\/section><br \/>\n\n<style type=\"text\/css\" data-created_by=\"avia_inline_auto\" id=\"style-css-av-mhm5aaee-ef813040ae4a54203daa9e2cf5e0ee19\">\n#top .hr.hr-invisible.av-mhm5aaee-ef813040ae4a54203daa9e2cf5e0ee19{\nheight:50px;\n}\n<\/style>\n<div  class='hr av-mhm5aaee-ef813040ae4a54203daa9e2cf5e0ee19 hr-invisible  avia-builder-el-4  el_after_av_textblock  avia-builder-el-last '><span class='hr-inner '><span class=\"hr-inner-style\"><\/span><\/span><\/div><\/p><\/div><div  class='avia-product-slider-container av-mhm4wxte-de04aec9161877e39ab5491c93146efa template-shop avia-content-slider avia-content-slider-active shop_columns_3  avia-builder-el-5  el_after_av_three_fourth  avia-builder-el-last  avia-content-slider-odd  avia-builder-el-5  el_after_av_three_fourth  avia-builder-el-last  av-slideshow-ui av-control-default av-slider-hover-pause av-slideshow-manual av-loop-once av-loop-manual-endless avia-product-slider1' data-slideshow-options=\"{&quot;animation&quot;:&quot;fade&quot;,&quot;autoplay&quot;:false,&quot;loop_autoplay&quot;:&quot;once&quot;,&quot;interval&quot;:5,&quot;loop_manual&quot;:&quot;manual-endless&quot;,&quot;autoplay_stopper&quot;:false,&quot;noNavigation&quot;:false,&quot;bg_slider&quot;:false,&quot;keep_padding&quot;:false,&quot;hoverpause&quot;:true,&quot;show_slide_delay&quot;:0}\"><div class='avia-content-slider-inner'><ul class=\"products slide-entry-wrap\"><li class=\"product type-product post-50583 status-publish first instock product_cat-markantfriesland product_cat-noardlike-fryske-walden product_tag-6-7-dagen product_tag-aanbevolen product_tag-tot-50-km has-post-thumbnail sold-individually purchasable product-type-simple yith-wcbm-product-has-badges\">\n\t<div class='inner_product main_color wrapped_style noLightbox  av-product-class-no_button'><a href=\"https:\/\/www.frieslandhollandtravel.nl\/de\/reisen\/kopie-2-romantische-elf-staedte-radtour-6-tage-durch-frieslands-schoene-staedte\/\" class=\"woocommerce-LoopProduct-link woocommerce-loop-product__link\"><div class=\"thumbnail_container\"><div class='container-image-and-badge  '><img decoding=\"async\" loading=\"lazy\" width=\"450\" height=\"450\" src=\"https:\/\/www.frieslandhollandtravel.nl\/wp-content\/uploads\/2023\/12\/11_Dokkum_Stadhuis\u00a9www_frieslandholland_nl-2-450x450.jpg\" class=\"wp-image-43880 avia-img-lazy-loading-43880 attachment-shop_catalog size-shop_catalog wp-post-image\" alt=\"\" srcset=\"https:\/\/www.frieslandhollandtravel.nl\/wp-content\/uploads\/2023\/12\/11_Dokkum_Stadhuis\u00a9www_frieslandholland_nl-2-450x450.jpg 450w, https:\/\/www.frieslandhollandtravel.nl\/wp-content\/uploads\/2023\/12\/11_Dokkum_Stadhuis\u00a9www_frieslandholland_nl-2-250x250.jpg 250w, https:\/\/www.frieslandhollandtravel.nl\/wp-content\/uploads\/2023\/12\/11_Dokkum_Stadhuis\u00a9www_frieslandholland_nl-2-80x80.jpg 80w, https:\/\/www.frieslandhollandtravel.nl\/wp-content\/uploads\/2023\/12\/11_Dokkum_Stadhuis\u00a9www_frieslandholland_nl-2-36x36.jpg 36w, https:\/\/www.frieslandhollandtravel.nl\/wp-content\/uploads\/2023\/12\/11_Dokkum_Stadhuis\u00a9www_frieslandholland_nl-2-120x120.jpg 120w, https:\/\/www.frieslandhollandtravel.nl\/wp-content\/uploads\/2023\/12\/11_Dokkum_Stadhuis\u00a9www_frieslandholland_nl-2-300x300.jpg 300w, https:\/\/www.frieslandhollandtravel.nl\/wp-content\/uploads\/2023\/12\/11_Dokkum_Stadhuis\u00a9www_frieslandholland_nl-2-100x100.jpg 100w\" sizes=\"auto, (max-width: 450px) 100vw, 450px\" \/><div class='yith-wcbm-badge yith-wcbm-badge-42734 yith-wcbm-badge-image yith-wcbm-badge--on-product-50583 yith-wcbm-badge-image-uploaded' data-position='{&quot;top&quot;:&quot;0&quot;,&quot;right&quot;:&quot;auto&quot;,&quot;bottom&quot;:&quot;auto&quot;,&quot;left&quot;:&quot;0&quot;}' data-transform=''>\n\t<div class='yith-wcbm-badge__wrap'>\n\t\t<img decoding=\"async\" src=\"https:\/\/www.frieslandhollandtravel.nl\/wp-content\/uploads\/2024\/02\/Hele-tocht.png\" alt=\"YITH Badge\"\/>\n\t<\/div>\n<\/div>\n<!--yith-wcbm-badge-->\n\n<div class='yith-wcbm-badge yith-wcbm-badge-43026 yith-wcbm-badge-text yith-wcbm-badge--on-product-50583 yith-wcbm-badge-text' data-position='{&quot;top&quot;:&quot;0&quot;,&quot;right&quot;:&quot;0&quot;,&quot;bottom&quot;:&quot;auto&quot;,&quot;left&quot;:&quot;auto&quot;}' data-transform=''>\n\t<div class='yith-wcbm-badge__wrap'>\n\t\t<div class=\"yith-wcbm-badge-text\"><p>50 - 70 km pro Tag<\/p><\/div>\n\t<\/div>\n<\/div>\n<!--yith-wcbm-badge-->\n<\/div><!--container-image-and-badge--><span class=\"cart-loading\"><\/span><\/div><div class='inner_product_header'><div class='avia-arrow'><\/div><div class='inner_product_header_table'><div class='inner_product_header_cell'><h2 class=\"woocommerce-loop-product__title\">5-t\u00e4giges Auto-Arrangement \u201eDie Friesenw\u00e4lder-Route\u201c<\/h2>\n\t<span class=\"price\"><span class=\"woocommerce-price-before\">Startpreis (p.p.): <\/span><span class=\"woocommerce-Price-amount amount\"><bdi><span class=\"woocommerce-Price-currencySymbol\">&euro;<\/span>&nbsp;495,00<\/bdi><\/span><\/span>\n<\/div><\/div><\/div><\/a><div class=\"avia_cart_buttons\"><a class=\"button show_details_button\" href=\"https:\/\/www.frieslandhollandtravel.nl\/de\/reisen\/kopie-2-romantische-elf-staedte-radtour-6-tage-durch-frieslands-schoene-staedte\/\">Reisende sehen<\/a><\/div><\/div><\/li>\n<li class=\"product type-product post-50587 status-publish instock product_cat-markantfriesland product_cat-noardlike-fryske-walden product_tag-6-7-dagen product_tag-aanbevolen product_tag-fiets product_tag-markantfriesland product_tag-tot-50-km has-post-thumbnail sold-individually purchasable product-type-simple yith-wcbm-product-has-badges\">\n\t<div class='inner_product main_color wrapped_style noLightbox  av-product-class-no_button'><a href=\"https:\/\/www.frieslandhollandtravel.nl\/de\/reisen\/kopie-3-romantische-elf-staedte-radtour-6-tage-durch-frieslands-schoene-staedte-kopie\/\" class=\"woocommerce-LoopProduct-link woocommerce-loop-product__link\"><div class=\"thumbnail_container\"><div class='container-image-and-badge  '><img decoding=\"async\" loading=\"lazy\" width=\"450\" height=\"450\" src=\"https:\/\/www.frieslandhollandtravel.nl\/wp-content\/uploads\/2023\/12\/11_Dokkum_Stadhuis\u00a9www_frieslandholland_nl-2-450x450.jpg\" class=\"wp-image-43880 avia-img-lazy-loading-43880 attachment-shop_catalog size-shop_catalog wp-post-image\" alt=\"\" srcset=\"https:\/\/www.frieslandhollandtravel.nl\/wp-content\/uploads\/2023\/12\/11_Dokkum_Stadhuis\u00a9www_frieslandholland_nl-2-450x450.jpg 450w, https:\/\/www.frieslandhollandtravel.nl\/wp-content\/uploads\/2023\/12\/11_Dokkum_Stadhuis\u00a9www_frieslandholland_nl-2-250x250.jpg 250w, https:\/\/www.frieslandhollandtravel.nl\/wp-content\/uploads\/2023\/12\/11_Dokkum_Stadhuis\u00a9www_frieslandholland_nl-2-80x80.jpg 80w, https:\/\/www.frieslandhollandtravel.nl\/wp-content\/uploads\/2023\/12\/11_Dokkum_Stadhuis\u00a9www_frieslandholland_nl-2-36x36.jpg 36w, https:\/\/www.frieslandhollandtravel.nl\/wp-content\/uploads\/2023\/12\/11_Dokkum_Stadhuis\u00a9www_frieslandholland_nl-2-120x120.jpg 120w, https:\/\/www.frieslandhollandtravel.nl\/wp-content\/uploads\/2023\/12\/11_Dokkum_Stadhuis\u00a9www_frieslandholland_nl-2-300x300.jpg 300w, https:\/\/www.frieslandhollandtravel.nl\/wp-content\/uploads\/2023\/12\/11_Dokkum_Stadhuis\u00a9www_frieslandholland_nl-2-100x100.jpg 100w\" sizes=\"auto, (max-width: 450px) 100vw, 450px\" \/><div class='yith-wcbm-badge yith-wcbm-badge-42734 yith-wcbm-badge-image yith-wcbm-badge--on-product-50587 yith-wcbm-badge-image-uploaded' data-position='{&quot;top&quot;:&quot;0&quot;,&quot;right&quot;:&quot;auto&quot;,&quot;bottom&quot;:&quot;auto&quot;,&quot;left&quot;:&quot;0&quot;}' data-transform=''>\n\t<div class='yith-wcbm-badge__wrap'>\n\t\t<img decoding=\"async\" src=\"https:\/\/www.frieslandhollandtravel.nl\/wp-content\/uploads\/2024\/02\/Hele-tocht.png\" alt=\"YITH Badge\"\/>\n\t<\/div>\n<\/div>\n<!--yith-wcbm-badge-->\n\n<div class='yith-wcbm-badge yith-wcbm-badge-43026 yith-wcbm-badge-text yith-wcbm-badge--on-product-50587 yith-wcbm-badge-text' data-position='{&quot;top&quot;:&quot;0&quot;,&quot;right&quot;:&quot;0&quot;,&quot;bottom&quot;:&quot;auto&quot;,&quot;left&quot;:&quot;auto&quot;}' data-transform=''>\n\t<div class='yith-wcbm-badge__wrap'>\n\t\t<div class=\"yith-wcbm-badge-text\"><p>50 - 70 km pro Tag<\/p><\/div>\n\t<\/div>\n<\/div>\n<!--yith-wcbm-badge-->\n<\/div><!--container-image-and-badge--><span class=\"cart-loading\"><\/span><\/div><div class='inner_product_header'><div class='avia-arrow'><\/div><div class='inner_product_header_table'><div class='inner_product_header_cell'><h2 class=\"woocommerce-loop-product__title\">5-t\u00e4giges Fahrradarrangement \u201eDie Friesenw\u00e4lder-Route\u201c<\/h2>\n\t<span class=\"price\"><span class=\"woocommerce-price-before\">Startpreis (p.p.): <\/span><span class=\"woocommerce-Price-amount amount\"><bdi><span class=\"woocommerce-Price-currencySymbol\">&euro;<\/span>&nbsp;595,00<\/bdi><\/span><\/span>\n<\/div><\/div><\/div><\/a><div class=\"avia_cart_buttons\"><a class=\"button show_details_button\" href=\"https:\/\/www.frieslandhollandtravel.nl\/de\/reisen\/kopie-3-romantische-elf-staedte-radtour-6-tage-durch-frieslands-schoene-staedte-kopie\/\">Reisende sehen<\/a><\/div><\/div><\/li>\n<\/ul><\/div><\/div><div class=\"clear\"><\/div>\n<\/div><\/div><\/main><!-- close content main element --><\/div><\/div><div id='av_section_2'  class='avia-section av-4dke40j-e3801fcf279c51f9f2f3e2e809afab4d main_color avia-section-default avia-no-border-styling avia-bg-style-scroll container_wrap fullsize'  ><div class='container av-section-cont-open' ><div class='template-page content  av-content-full alpha units'><div class='post-entry post-entry-type-page post-entry-48192'><div class='entry-content-wrapper clearfix'>\n\n<style type=\"text\/css\" data-created_by=\"avia_inline_auto\" id=\"style-css-av-44bmy0j-4c4f3ca69e08e74978d66de5ef4a67fd\">\n.flex_column.av-44bmy0j-4c4f3ca69e08e74978d66de5ef4a67fd{\nwidth:29.333333333333%;\n}\n<\/style>\n<div  class='flex_column av-44bmy0j-4c4f3ca69e08e74978d66de5ef4a67fd av_one_third first flex_column_div  '     ><style type=\"text\/css\" data-created_by=\"avia_inline_auto\" id=\"style-css-av-c9shzn-a7f45b9351b43b9ebda76ef8c4f4be51\">\n.avia-image-container.av-c9shzn-a7f45b9351b43b9ebda76ef8c4f4be51 img.avia_image{\nbox-shadow:none;\n}\n.avia-image-container.av-c9shzn-a7f45b9351b43b9ebda76ef8c4f4be51 .av-image-caption-overlay-center{\ncolor:#ffffff;\n}\n<\/style>\n<div  class='avia-image-container av-c9shzn-a7f45b9351b43b9ebda76ef8c4f4be51 av-styling- avia-align-center'   itemprop=\"image\" itemscope=\"itemscope\" itemtype=\"https:\/\/schema.org\/ImageObject\" ><div class=\"avia-image-container-inner\"><div class=\"avia-image-overlay-wrap\"><img decoding=\"async\" fetchpriority=\"high\" class='wp-image-43464 avia-img-lazy-loading-not-43464 avia_image ' src=\"https:\/\/www.frieslandhollandtravel.nl\/wp-content\/uploads\/2023\/12\/stad-nr-2-sneek-5-400x500.jpg\" alt='' title='Stad nr. 2: Sneek'  height=\"500\" width=\"400\"  itemprop=\"thumbnailUrl\"  \/><\/div><\/div><\/div><\/div>\n<style type=\"text\/css\" data-created_by=\"avia_inline_auto\" id=\"style-css-av-37phzwz-93d5d290cd187c0b51d3292b9daa220f\">\n.flex_column.av-37phzwz-93d5d290cd187c0b51d3292b9daa220f{\nwidth:64.666666666667%;\nmargin-left:6%;\n}\n<\/style>\n<div  class='flex_column av-37phzwz-93d5d290cd187c0b51d3292b9daa220f av_two_third flex_column_div  '     ><p>\n<style type=\"text\/css\" data-created_by=\"avia_inline_auto\" id=\"style-css-av-ls8ruzmz-0b3739e281d9fdc72a00a1e1145edc08\">\n#top .av-special-heading.av-ls8ruzmz-0b3739e281d9fdc72a00a1e1145edc08{\npadding-bottom:20px;\n}\nbody .av-special-heading.av-ls8ruzmz-0b3739e281d9fdc72a00a1e1145edc08 .av-special-heading-tag .heading-char{\nfont-size:25px;\n}\n.av-special-heading.av-ls8ruzmz-0b3739e281d9fdc72a00a1e1145edc08 .av-subheading{\nfont-size:15px;\n}\n<\/style>\n<div  class='av-special-heading av-ls8ruzmz-0b3739e281d9fdc72a00a1e1145edc08 av-special-heading-h2 blockquote modern-quote'><h2 class='av-special-heading-tag '  itemprop=\"headline\"  >Entdecken Sie Markant Friesland w\u00e4hrend eines einzigartigen Urlaubs<\/h2><div class=\"special-heading-border\"><div class=\"special-heading-inner-border\"><\/div><\/div><\/div><br \/>\n<section  class='av_textblock_section av-ls8rvjkf-a07330dfc467d75c58853dd10e312851 '   itemscope=\"itemscope\" itemtype=\"https:\/\/schema.org\/CreativeWork\" ><div class='avia_textblock'  itemprop=\"text\" ><p>Genie\u00dfen Sie eine einzigartige Zusammenarbeit besonderer Museen in Nordostfriesland. Von alten Stinzen und Arbeiterh\u00e4uschen bis hin zu Warftkirchen und Handwerksbetrieben: Gemeinsam erz\u00e4hlen sie die Geschichte der friesischen Landschaft und ihrer Bewohner.<\/p>\n<p>Markant Friesland verbindet diese Museen in ihrer gemeinsamen Mission, Kultur, Geschichte und Handwerkskunst lebendig zu halten. Besucher k\u00f6nnen \u00fcberraschende Ausstellungen, regionale Geschichten und p\u00e4dagogische Aktivit\u00e4ten f\u00fcr Jung und Alt genie\u00dfen. Lassen Sie sich zu den sch\u00f6nsten Kulturerbest\u00e4tten Frieslands entf\u00fchren und erleben Sie die Region auf ihre markanteste Weise.<\/p>\n<\/div><\/section><\/p><\/div>\n<style type=\"text\/css\" data-created_by=\"avia_inline_auto\" id=\"style-css-av-14ogrsj-c7f026a0f02181ace037b083d108eb33\">\n.flex_column.av-14ogrsj-c7f026a0f02181ace037b083d108eb33{\nz-index:0;\n}\n<\/style>\n<div  class='flex_column av-14ogrsj-c7f026a0f02181ace037b083d108eb33 av_one_full first flex_column_div av-custom-positioned  '     ><\/div>\n<\/p>\n[av_section min_height='' min_height_pc='25' min_height_px='500px' shadow='no-border-styling' bottom_border='no-border-styling' bottom_border_diagonal_color='#333333' bottom_border_diagonal_direction='' bottom_border_style='' padding='default' custom_margin='0px' custom_margin_sync='true' av-desktop-custom_margin='' av-desktop-custom_margin_sync='true' av-medium-custom_margin='' av-medium-custom_margin_sync='true' av-small-custom_margin='' av-small-custom_margin_sync='true' av-mini-custom_margin='' av-mini-custom_margin_sync='true' svg_div_top='' svg_div_top_color='#333333' svg_div_top_width='100' svg_div_top_height='50' svg_div_top_max_height='none' svg_div_top_opacity='' svg_div_bottom='' svg_div_bottom_color='#333333' svg_div_bottom_width='100' svg_div_bottom_height='50' svg_div_bottom_max_height='none' svg_div_bottom_opacity='' fold_type='' fold_height='' fold_more='Lees meer' fold_less='Lees minder' fold_text_style='' fold_btn_align='' color='main_color' background='bg_color' custom_bg='' background_gradient_direction='vertical' background_gradient_color1='#000000' background_gradient_color2='#ffffff' background_gradient_color3='' src='' attachment='' attachment_size='' attach='scroll' position='top left' repeat='no-repeat' video='' video_ratio='16:9' overlay_opacity='0.5' overlay_color='' overlay_pattern='' overlay_custom_pattern='' custom_arrow_bg='' fold_overlay_color='' fold_text_color='' fold_btn_color='theme-color' fold_btn_bg_color='' fold_btn_font_color='' size-btn-text='' av-desktop-font-size-btn-text='' av-medium-font-size-btn-text='' av-small-font-size-btn-text='' av-mini-font-size-btn-text='' fold_timer='' z_index_fold='' css_position_z_index='' av-desktop-css_position_z_index='' av-medium-css_position_z_index='' av-small-css_position_z_index='' av-mini-css_position_z_index='' id='hotels' custom_class='' template_class='' aria_label='' element_template='' one_element_template='' av_element_hidden_in_editor='0' av_uid='av-1j2x1fl' sc_version='1.0']\n[av_heading heading='Ein Eindruck von unseren Mitgliedshotels' tag='h2' style='blockquote modern-quote' subheading_active='' show_icon='' icon='ue800' font='' size='' av-desktop-font-size-title='' av-medium-font-size-title='' av-small-font-size-title='' av-mini-font-size-title='' subheading_size='15' av-desktop-font-size='' av-medium-font-size='' av-small-font-size='' av-mini-font-size='' icon_size='' av-desktop-font-size-1='' av-medium-font-size-1='' av-small-font-size-1='' av-mini-font-size-1='' color='' custom_font='' subheading_color='' seperator_color='' icon_color='' margin='' margin_sync='true' av-desktop-margin='' av-desktop-margin_sync='true' av-medium-margin='' av-medium-margin_sync='true' av-small-margin='' av-small-margin_sync='true' av-mini-margin='' av-mini-margin_sync='true' headline_padding='' headline_padding_sync='true' av-desktop-headline_padding='' av-desktop-headline_padding_sync='true' av-medium-headline_padding='' av-medium-headline_padding_sync='true' av-small-headline_padding='' av-small-headline_padding_sync='true' av-mini-headline_padding='' av-mini-headline_padding_sync='true' padding='10' av-desktop-padding='' av-medium-padding='' av-small-padding='' av-mini-padding='' icon_padding='10' av-desktop-icon_padding='' av-medium-icon_padding='' av-small-icon_padding='' av-mini-icon_padding='' link='manually,http:\/\/' link_target='' title_attr='' id='' custom_class='' template_class='' element_template='' one_element_template='' av_uid='av-14vfjmp' sc_version='1.0' admin_preview_bg=''][\/av_heading]\n[\/av_section]\n\n[av_horizontal_gallery ids='40144,40148,40150,40152,40158,40160,40162,40166,40168,40170,40172,40174,40176,40180,40190,40192,40196,40198,44067,44075,44078,44081,44084,44087,44095,44098,44101,44110,44113,44133,44137,44140,44116,44120,44123,44126,44130,44153,44165,44168' ids_dynamic='' initial='8' img_copyright='left' height='25' size='large' gap='no' active='' control_layout='av-control-default' slider_navigation='av-navigate-arrows av-navigate-dots' nav_visibility_desktop='' nav_arrow_color='' nav_arrow_bg_color='' nav_dots_color='' nav_dot_active_color='' lightbox_arrow_color='' lightbox_arrow_bg_color='' img_copyright_font='' av-desktop-font-img_copyright_font='' av-medium-font-img_copyright_font='' av-small-font-img_copyright_font='' av-mini-font-img_copyright_font='' img_copyright_color='' img_copyright_bg='' transition_speed='' autoplay='true' interval='5' manual_stopper='aviaTBmanual_stopper' links='active' link_dest='' lightbox_text='caption' img_scrset='' lazy_loading='disabled' alb_description='Impressie hotels' id='' custom_class='vdlp-gallery' template_class='' element_template='' one_element_template='' av_uid='av-n8cgn5' sc_version='1.0'][\/av_horizontal_gallery]\n\n\n\n","protected":false},"excerpt":{"rendered":"<p> <a class=\"continue\" href=\"https:\/\/www.frieslandhollandtravel.nl\/de\/reisen\/kopie-3-romantische-elf-staedte-radtour-6-tage-durch-frieslands-schoene-staedte-kopie\/\">Lees meer<span> 5-t\u00e4giges Fahrradarrangement \u201eDie Friesenw\u00e4lder-Route\u201c<\/span><\/a><\/p>\n","protected":false},"author":8,"featured_media":0,"parent":0,"menu_order":0,"comment_status":"closed","ping_status":"closed","template":"","meta":{"_acf_changed":false,"footnotes":""},"class_list":["post-48192","page","type-page","status-publish","hentry"],"acf":[],"_links":{"self":[{"href":"https:\/\/www.frieslandhollandtravel.nl\/de\/wp-json\/wp\/v2\/pages\/48192","targetHints":{"allow":["GET"]}}],"collection":[{"href":"https:\/\/www.frieslandhollandtravel.nl\/de\/wp-json\/wp\/v2\/pages"}],"about":[{"href":"https:\/\/www.frieslandhollandtravel.nl\/de\/wp-json\/wp\/v2\/types\/page"}],"author":[{"embeddable":true,"href":"https:\/\/www.frieslandhollandtravel.nl\/de\/wp-json\/wp\/v2\/users\/8"}],"replies":[{"embeddable":true,"href":"https:\/\/www.frieslandhollandtravel.nl\/de\/wp-json\/wp\/v2\/comments?post=48192"}],"version-history":[{"count":0,"href":"https:\/\/www.frieslandhollandtravel.nl\/de\/wp-json\/wp\/v2\/pages\/48192\/revisions"}],"wp:attachment":[{"href":"https:\/\/www.frieslandhollandtravel.nl\/de\/wp-json\/wp\/v2\/media?parent=48192"}],"curies":[{"name":"wp","href":"https:\/\/api.w.org\/{rel}","templated":true}]}}