{"id":48320,"date":"2024-07-23T15:00:59","date_gmt":"2024-07-23T13:00:59","guid":{"rendered":"https:\/\/www.frieslandhollandtravel.nl\/bewertungen\/"},"modified":"2025-11-13T14:46:06","modified_gmt":"2025-11-13T13:46:06","slug":"bewertungen","status":"publish","type":"page","link":"https:\/\/www.frieslandhollandtravel.nl\/de\/bewertungen\/","title":{"rendered":"Bewertungen"},"content":{"rendered":"<div  class='hr av-3o7v25u-1b381a06b992483d1112ab825a885955 hr-default  avia-builder-el-0  el_before_av_section  avia-builder-el-no-sibling '><span class='hr-inner '><span class=\"hr-inner-style\"><\/span><\/span><\/div>\n<p><\/div><\/div><\/div><!-- close content main div --><\/div><\/div><div id='av_section_1'  class='avia-section av-36rdvzm-8b2b0f34ab536f83bfa4d2337f7d8ad4 main_color avia-section-default avia-no-border-styling  avia-builder-el-1  el_after_av_hr  el_before_av_section  vdlp-section-testimonials avia-bg-style-scroll container_wrap fullsize'  ><div class='container av-section-cont-open' ><div class='template-page content  av-content-full alpha units'><div class='post-entry post-entry-type-page post-entry-48320'><div class='entry-content-wrapper clearfix'>\n\n<style type=\"text\/css\" data-created_by=\"avia_inline_auto\" id=\"style-css-av-2ggk8nm-90c5e3fa185c9d183858b85b95934212\">\n.flex_column.av-2ggk8nm-90c5e3fa185c9d183858b85b95934212{\nz-index:0;\n}\n<\/style>\n<div  class='flex_column av-2ggk8nm-90c5e3fa185c9d183858b85b95934212 av_one_full  avia-builder-el-2  avia-builder-el-no-sibling  first flex_column_div av-custom-positioned  '     ><section  class='av_textblock_section av-mhxg4vbc-66f5f34ed2e6a79099f7ecab1ab68796 '   itemscope=\"itemscope\" itemtype=\"https:\/\/schema.org\/CreativeWork\" ><div class='avia_textblock'  itemprop=\"text\" ><h1>Unsere Bewertungen<\/h1>\n<h2>Entdecken Sie, was unsere Reisenden \u00fcber ihre Erfahrungen mit Friesland Holland Travel sagen!<\/h2>\n<p>Wir sind stolz auf die sch\u00f6nen Erinnerungen, die wir gemeinsam mit unseren G\u00e4sten schaffen. Lesen Sie die Bewertungen unten und lassen Sie sich von echten Geschichten echter Urlauber inspirieren. Sind Sie selbst mit Friesland Holland Travel gereist? Dann teilen Sie Ihre Erfahrungen mit uns \u2013 wir freuen uns auf Ihre R\u00fcckmeldung!<\/p>\n<\/div><\/section><\/div>\n<\/div><\/div><\/div><!-- close content main div --><\/div><\/div><div id='av_section_2'  class='avia-section av-3lr8vm-06cf3ee3c943ebf30311929f882a8f6f main_color avia-section-default avia-no-border-styling  avia-builder-el-4  el_after_av_section  avia-builder-el-last  vdlp-section-testimonials avia-bg-style-scroll container_wrap fullsize'  ><div class='container av-section-cont-open' ><div class='template-page content  av-content-full alpha units'><div class='post-entry post-entry-type-page post-entry-48320'><div class='entry-content-wrapper clearfix'>\n\n<style type=\"text\/css\" data-created_by=\"avia_inline_auto\" id=\"style-css-av-vt869e-bfdc64803412f882649a1b13ce345320\">\n.flex_column.av-vt869e-bfdc64803412f882649a1b13ce345320{\nz-index:0;\n}\n<\/style>\n<div  class='flex_column av-vt869e-bfdc64803412f882649a1b13ce345320 av_one_full  avia-builder-el-5  el_before_av_testimonials  avia-builder-el-first  first flex_column_div av-custom-positioned  '     ><\/div><div  class='avia-testimonial-wrapper av-285mhte-f295ed5e2bc8ab5e518fbf15b74a71ce avia-slider-testimonials avia-slider-2-testimonials avia_animate_when_almost_visible av-slideshow-ui av-control-default av-no-slider-navigation av-slider-hover-pause av-slideshow-autoplay av-loop-endless av-loop-manual-endless' data-slideshow-options=\"{&quot;animation&quot;:&quot;fade&quot;,&quot;autoplay&quot;:true,&quot;loop_autoplay&quot;:&quot;endless&quot;,&quot;interval&quot;:5,&quot;loop_manual&quot;:&quot;manual-endless&quot;,&quot;autoplay_stopper&quot;:false,&quot;noNavigation&quot;:false,&quot;bg_slider&quot;:false,&quot;keep_padding&quot;:&quot;&quot;,&quot;hoverpause&quot;:true,&quot;show_slide_delay&quot;:0}\">\n<section class=\"avia-testimonial-row\"><div class='avia-testimonial av-1kkk80i-955f9b7651573b9753174684d1dc4644 avia-testimonial-row-1 avia-first-testimonial flex_column no_margin av_one_half'><div class='avia-testimonial_inner'  itemscope=\"itemscope\" itemtype=\"https:\/\/schema.org\/CreativeWork\" ><div class='avia-testimonial-content '><div class='avia-testimonial-markup-entry-content'  itemprop=\"text\" ><div>Hallo Sytze,<\/div>\n<div>Vorgestern sind wir von der Radtour in Elfsteden nach Hause gekommen. Wir haben es geliebt! We boften met het weer. Maar een paar keer natgeregend. Hotels en vervoer waren prima. Mijn man (75jr) heeft de hele tocht op zijn gewone fiets gereden!    Hartelijk dank voor de goede organisatie.<\/div>\n<div><\/div>\n<\/div><\/div><div class=\"avia-testimonial-meta\"><div class=\"avia-testimonial-arrow-wrap\"><div class=\"avia-arrow\"><\/div><\/div><div class='avia-testimonial-meta-mini'  itemprop=\"author\" itemscope=\"itemscope\" itemtype=\"https:\/\/schema.org\/Person\" ><strong  class='avia-testimonial-name'  itemprop=\"name\" >A. Goedhart und W. Stegenga<\/strong><\/div><\/div><\/div><\/div>\n<div class='avia-testimonial av-15xh65u-d7da0c02579a60ea083838e47b5aa5e0 avia-testimonial-row-1 flex_column no_margin av_one_half'><div class='avia-testimonial_inner'  itemscope=\"itemscope\" itemtype=\"https:\/\/schema.org\/CreativeWork\" ><div class='avia-testimonial-content '><div class='avia-testimonial-markup-entry-content'  itemprop=\"text\" ><div>\n<div>Sind mit unseren belgischen Freunden vom 12. bis 16. Juni die Elfstedentocht geradelt. Das Wetter war wechselhaft, aber das spielte bei diesem SUPER sch\u00f6nen Ausflug keine Rolle. Wir haben viel gesehen, genossen und hatten viel Spa\u00df mit den gastfreundlichen Friesen!  <\/div>\n<div><\/div>\n<div>Die Organisation ist erstklassig! Zug\u00e4nglich, einladend, hilfsbereit, guter Service und gem\u00fctlich!<br \/>\nGute Hotels und tolles Essen nach einem Tag auf dem Rad. Wir hatten einen wunderbaren Urlaub und k\u00f6nnen ihn nur empfehlen. Es gibt mehrere Optionen f\u00fcr verschiedene Touren, so dass wir mit dem Radfahren noch nicht fertig sind.  <\/div>\n<div>\nViel Gl\u00fcck und bis bald!<\/div>\n<\/div>\n<div><\/div>\n<\/div><\/div><div class=\"avia-testimonial-meta\"><div class=\"avia-testimonial-arrow-wrap\"><div class=\"avia-arrow\"><\/div><\/div><div class='avia-testimonial-meta-mini'  itemprop=\"author\" itemscope=\"itemscope\" itemtype=\"https:\/\/schema.org\/Person\" ><strong  class='avia-testimonial-name'  itemprop=\"name\" >J. Winkel<\/strong><\/div><\/div><\/div><\/div>\n<div class='avia-testimonial av-uhw7o2-5557b6f855e72662af04f592e36fb58c avia-testimonial-row-1 flex_column no_margin av_one_half'><div class='avia-testimonial_inner'  itemscope=\"itemscope\" itemtype=\"https:\/\/schema.org\/CreativeWork\" ><div class='avia-testimonial-content '><div class='avia-testimonial-markup-entry-content'  itemprop=\"text\" ><div>\n<div>Wir haben unseren Fahrradurlaub Elfstedentocht \u00fcber Sytze von Friesland Holland Travel gebucht.<\/div>\n<div><\/div>\n<div>Der Kontakt mit Sytze hat mir von Anfang an riesigen Spa\u00df gemacht. Das Besondere an unserem Radurlaub war, dass Agmaja mit dem Handbike unterwegs war. Margret mit einem gemieteten E-Bike. Da Agmaja auf einen Rollstuhl angewiesen ist, muss das ber\u00fccksichtigt werden. Gl\u00fccklicherweise ist eine kleine Treppe kein Problem (starke Arme), so dass wir jedes Hotel im Handumdrehen erreichten. Wie fantastisch alles organisiert war, Koffer zum n\u00e4chsten Hotel, herrlich ruhige Zimmer in sch\u00f6ner Umgebung, gutes Fr\u00fchst\u00fcck, umfangreiches, hochwertiges Abendessen. Wie sch\u00f6n Friesland ist und wie nett und hilfsbereit die Menschen sind. Viele Kilometer in den Armen und Beinen (einschlie\u00dflich des zus\u00e4tzlichen Tages auf Ameland, den wir gebucht hatten, satte 336km). Drei Tage sch\u00f6nes Wetter, drei Tage viel Sturm und Regen, aber das hat uns den Spa\u00df nicht verdorben. Wie Sytze sagte: &#8222;In Friesland ist das Wetter immer sch\u00f6n!&#8220; und das stimmt, es ist das, was man selbst daraus macht. Sogar w\u00e4hrend des gro\u00dfen Regens haben wir es genossen, sehr empfehlenswert f\u00fcr den Fahrrad-\/Handbike-Liebhaber! Chapeau Friesland Holland Travel!&#8220;           <\/div>\n<div><\/div>\n<\/div>\n<div><\/div>\n<\/div><\/div><div class=\"avia-testimonial-meta\"><div class=\"avia-testimonial-arrow-wrap\"><div class=\"avia-arrow\"><\/div><\/div><div class='avia-testimonial-meta-mini'  itemprop=\"author\" itemscope=\"itemscope\" itemtype=\"https:\/\/schema.org\/Person\" ><strong  class='avia-testimonial-name'  itemprop=\"name\" >Agmaja und Margret<\/strong><\/div><\/div><\/div><\/div>\n<\/section><div class='avia-slideshow-arrows avia-slideshow-controls' ><a href='#prev' class='prev-slide  avia-svg-icon avia-font-svg_entypo-fontello' data-av_svg_icon='left-open-big' data-av_iconset='svg_entypo-fontello' tabindex='-1' title=\"Zur\u00fcck\"><svg version=\"1.1\" xmlns=\"http:\/\/www.w3.org\/2000\/svg\" width=\"15\" height=\"32\" viewBox=\"0 0 15 32\" preserveAspectRatio=\"xMidYMid meet\" aria-labelledby='av-svg-title-1' aria-describedby='av-svg-desc-1' role=\"graphics-symbol\" aria-hidden=\"true\">\n<title id='av-svg-title-1'>Zur\u00fcck<\/title>\n<desc id='av-svg-desc-1'>Zur\u00fcck<\/desc>\n<path d=\"M14.464 27.84q0.832 0.832 0 1.536-0.832 0.832-1.536 0l-12.544-12.608q-0.768-0.768 0-1.6l12.544-12.608q0.704-0.832 1.536 0 0.832 0.704 0 1.536l-11.456 11.904z\"><\/path>\n<\/svg><span class='avia_hidden_link_text'>Zur\u00fcck<\/span><\/a><a href='#next' class='next-slide  avia-svg-icon avia-font-svg_entypo-fontello' data-av_svg_icon='right-open-big' data-av_iconset='svg_entypo-fontello' tabindex='-1' title=\"Weiter\"><svg version=\"1.1\" xmlns=\"http:\/\/www.w3.org\/2000\/svg\" width=\"15\" height=\"32\" viewBox=\"0 0 15 32\" preserveAspectRatio=\"xMidYMid meet\" aria-labelledby='av-svg-title-2' aria-describedby='av-svg-desc-2' role=\"graphics-symbol\" aria-hidden=\"true\">\n<title id='av-svg-title-2'>Weiter<\/title>\n<desc id='av-svg-desc-2'>Weiter<\/desc>\n<path d=\"M0.416 27.84l11.456-11.84-11.456-11.904q-0.832-0.832 0-1.536 0.832-0.832 1.536 0l12.544 12.608q0.768 0.832 0 1.6l-12.544 12.608q-0.704 0.832-1.536 0-0.832-0.704 0-1.536z\"><\/path>\n<\/svg><span class='avia_hidden_link_text'>Weiter<\/span><\/a><\/div><\/div>\n<\/p>\n","protected":false},"excerpt":{"rendered":"","protected":false},"author":1,"featured_media":0,"parent":0,"menu_order":9999,"comment_status":"closed","ping_status":"closed","template":"","meta":{"_acf_changed":false,"footnotes":""},"class_list":["post-48320","page","type-page","status-publish","hentry"],"acf":[],"_links":{"self":[{"href":"https:\/\/www.frieslandhollandtravel.nl\/de\/wp-json\/wp\/v2\/pages\/48320","targetHints":{"allow":["GET"]}}],"collection":[{"href":"https:\/\/www.frieslandhollandtravel.nl\/de\/wp-json\/wp\/v2\/pages"}],"about":[{"href":"https:\/\/www.frieslandhollandtravel.nl\/de\/wp-json\/wp\/v2\/types\/page"}],"author":[{"embeddable":true,"href":"https:\/\/www.frieslandhollandtravel.nl\/de\/wp-json\/wp\/v2\/users\/1"}],"replies":[{"embeddable":true,"href":"https:\/\/www.frieslandhollandtravel.nl\/de\/wp-json\/wp\/v2\/comments?post=48320"}],"version-history":[{"count":0,"href":"https:\/\/www.frieslandhollandtravel.nl\/de\/wp-json\/wp\/v2\/pages\/48320\/revisions"}],"wp:attachment":[{"href":"https:\/\/www.frieslandhollandtravel.nl\/de\/wp-json\/wp\/v2\/media?parent=48320"}],"curies":[{"name":"wp","href":"https:\/\/api.w.org\/{rel}","templated":true}]}}