{"id":43013,"date":"2023-12-15T13:35:50","date_gmt":"2023-12-15T12:35:50","guid":{"rendered":"https:\/\/www.frieslandhollandtravel.nl\/?post_type=product&#038;p=43013"},"modified":"2026-01-30T13:12:20","modified_gmt":"2026-01-30T12:12:20","slug":"43013","status":"publish","type":"product","link":"https:\/\/www.frieslandhollandtravel.nl\/de\/reisen\/43013\/","title":{"rendered":"Romantische 5-t\u00e4gige Radtour: Entdecken Sie 10 der Elf St\u00e4dte"},"content":{"rendered":"<p><strong>Preis inklusiv:<\/strong><\/p>\n<ul>\n<li><strong>4 x \u00dcbernachtungen mit Fr\u00fchst\u00fcck<\/strong><br \/>\nm\u00f6gliches Abendessen, wenn im Arrangement gebucht<\/li>\n<li><strong>Gep\u00e4cktransport<\/strong><br \/>\ninklusive<\/li>\n<li><a href=\"https:\/\/sto-garant.nl\/de\"><strong>STO-Garantie<\/strong><\/a><br \/>\nIhre Zahlung ist vollst\u00e4ndig durch STO Garant gesch\u00fctzt<\/li>\n<li><strong>Reservierungsgeb\u00fchr<\/strong><br \/>\ninklusive<\/li>\n<li><strong>Umfangreiche Reiseunterlagen<\/strong><br \/>\nSechs Wochen vor Ihrem Anreisedatum erhalten Sie eine detaillierte Routenkarte und den Friesland Travel Atlas (verf\u00fcgbar in vier Sprachen, 260 Seiten)<\/li>\n<li><strong>Stempelkarte<\/strong><br \/>\nSammeln Sie einen Stempel in jeder Stadt entlang der Elf-St\u00e4dte-Route<\/li>\n<li><strong>Kostenlose und sichere Parkm\u00f6glichkeiten<\/strong><br \/>\nf\u00fcr Ihr Auto am Startpunkt der Tour (Hinweis: Das Start-Hotel befindet sich immer in Leeuwarden, wenn Sie mit \u00f6ffentlichen Verkehrsmitteln anreisen)<\/li>\n<li><strong>E-Bike-Ladestation<\/strong><br \/>\nan teilnehmenden Hotels<\/li>\n<\/ul>\n<p><strong>Preis nicht enthalten:<\/strong><\/p>\n<ul>\n<li><strong>Reise- und Stornoversicherung<\/strong><br \/>\nDiese muss bei Ihrer eigenen Versicherungsgesellschaft abgeschlossen werden<\/li>\n<li><strong>Mittagessen, Abendessen und Getr\u00e4nke<\/strong><br \/>\nDiese sind nicht enthalten, es sei denn, sie wurden im Voraus gebucht<\/li>\n<li><a href=\"https:\/\/www.frieslandhollandtravel.nl\/de\/nachrichten\/pannengarantie-bei-ihrer-radreise-zur-elfstedentocht\/\"><strong>Pannendienst<\/strong><\/a><br \/>\nWenn im Voraus gebucht, umfasst die Pannendienst ein Ersatzfahrrad (innerhalb von 1,5 Stunden) im Falle einer Panne<\/li>\n<li><strong>Kurtaxe<\/strong><\/li>\n<\/ul>\n<p><strong>Stornierungsbedingungen:<\/strong><\/p>\n<ul>\n<li><strong>Kostenlose Stornierung<\/strong><br \/>\nbis sechs Wochen vor Ihrem Anreisedatum.<\/li>\n<li><strong>Bei einer Stornierung innerhalb von sechs Wochen<\/strong><br \/>\ngelten die Stornierungsbedingungen gem\u00e4\u00df Artikel 9.2 der Buchungsbedingungen. Diese sind auf unserer Website verf\u00fcgbar und werden Ihnen auch vorab zugesandt.<\/li>\n<li><strong>Reise- und Stornoversicherung<\/strong><br \/>\nEine Stornierung ist immer eine Angelegenheit Ihrer eigenen Reise- und Stornoversicherung, die Sie bei Ihrer Versicherungsgesellschaft abschlie\u00dfen m\u00fcssen.<\/li>\n<li><strong><a href=\"https:\/\/www.frieslandhollandtravel.nl\/de\/nachrichten\/reisen-bei-regen-so-funktionierts-bei-friesland-holland-travel\/\">Wetterbedingungen<\/a><br \/>\n<\/strong>Eine Stornierung aufgrund schlechter Wetterbedingungen ist nicht m\u00f6glich.<\/li>\n<li style=\"list-style-type: none;\"><\/li>\n<\/ul>\n<p><strong>F\u00fcr wen<\/strong><\/p>\n<p>W\u00e4hrend dieser 5-t\u00e4gigen Radtour entdecken Sie 10 der elf friesischen St\u00e4dte. Die Gesamtdistanz betr\u00e4gt 160 km, mit t\u00e4glichen Etappen von etwa 40 km pro Tag. Radeln Sie von Hotel zu Hotel und \u00fcberlassen Sie uns Ihr Gep\u00e4ck \u2013 so haben Sie mehr Zeit, die Sehensw\u00fcrdigkeiten und St\u00e4dte in Ruhe zu erkunden.<\/p>\n<p><strong>Starttag<br \/>\n<\/strong>Sie k\u00f6nnen Ihre Tour an jedem Wochentag beginnen, je nach Ihrer Pr\u00e4ferenz.<\/p>\n<p><strong>Start und Ziel<br \/>\n<\/strong>Der Start und das Ziel der Tour befinden sich in einem Hotel entlang der Elf-St\u00e4dte-Route.<\/p>\n<p><strong>STO-Garantie<br \/>\n<\/strong>Diese Tour ist durch die STO-Garantie gesch\u00fctzt, sodass Ihre Zahlung sicher ist. Weitere Informationen finden Sie in den STO Garant-Bedingungen <a href=\"https:\/\/sto-garant.nl\/de\">hier.<\/a><\/p>\n","protected":false},"excerpt":{"rendered":"<p>W\u00e4hrend dieser 5-t\u00e4gigen Radtour&#8230;<\/p>\n<p><a href=\"https:\/\/www.frieslandhollandtravel.nl\/de\/reisen\/43013\/\">Read More \u00bb<\/a> <a class=\"continue\" href=\"https:\/\/www.frieslandhollandtravel.nl\/de\/reisen\/43013\/\">Lees meer<span> Romantische 5-t\u00e4gige Radtour: Entdecken Sie 10 der Elf St\u00e4dte<\/span><\/a><\/p>\n","protected":false},"featured_media":43850,"comment_status":"closed","ping_status":"closed","template":"","meta":{"_acf_changed":false,"wds_primary_product_brand":0,"wds_primary_product_cat":0},"product_brand":[],"product_cat":[211,147],"product_tag":[160,187,165,179],"class_list":{"0":"post-43013","1":"product","2":"type-product","3":"status-publish","4":"has-post-thumbnail","6":"product_cat-elf-staedte-tour-angebote","7":"product_cat-radfahren-urlaub","8":"product_tag-6-7-tage","9":"product_tag-bis-zu-50-km","10":"product_tag-empfohlen","11":"product_tag-fahrrad","13":"first","14":"instock","15":"sold-individually","16":"purchasable","17":"product-type-simple"},"acf":[],"_links":{"self":[{"href":"https:\/\/www.frieslandhollandtravel.nl\/de\/wp-json\/wp\/v2\/product\/43013","targetHints":{"allow":["GET"]}}],"collection":[{"href":"https:\/\/www.frieslandhollandtravel.nl\/de\/wp-json\/wp\/v2\/product"}],"about":[{"href":"https:\/\/www.frieslandhollandtravel.nl\/de\/wp-json\/wp\/v2\/types\/product"}],"replies":[{"embeddable":true,"href":"https:\/\/www.frieslandhollandtravel.nl\/de\/wp-json\/wp\/v2\/comments?post=43013"}],"wp:featuredmedia":[{"embeddable":true,"href":"https:\/\/www.frieslandhollandtravel.nl\/de\/wp-json\/wp\/v2\/media\/43850"}],"wp:attachment":[{"href":"https:\/\/www.frieslandhollandtravel.nl\/de\/wp-json\/wp\/v2\/media?parent=43013"}],"wp:term":[{"taxonomy":"product_brand","embeddable":true,"href":"https:\/\/www.frieslandhollandtravel.nl\/de\/wp-json\/wp\/v2\/product_brand?post=43013"},{"taxonomy":"product_cat","embeddable":true,"href":"https:\/\/www.frieslandhollandtravel.nl\/de\/wp-json\/wp\/v2\/product_cat?post=43013"},{"taxonomy":"product_tag","embeddable":true,"href":"https:\/\/www.frieslandhollandtravel.nl\/de\/wp-json\/wp\/v2\/product_tag?post=43013"}],"curies":[{"name":"wp","href":"https:\/\/api.w.org\/{rel}","templated":true}]}}