{"id":43082,"date":"2023-12-15T13:26:56","date_gmt":"2023-12-15T12:26:56","guid":{"rendered":"https:\/\/www.frieslandhollandtravel.nl\/?post_type=product&#038;p=43082"},"modified":"2026-01-30T13:14:52","modified_gmt":"2026-01-30T12:14:52","slug":"7-taegiger-radurlaub-gesamte-elfstedentocht","status":"publish","type":"product","link":"https:\/\/www.frieslandhollandtravel.nl\/de\/reisen\/7-taegiger-radurlaub-gesamte-elfstedentocht\/","title":{"rendered":"7-t\u00e4giger Radurlaub \u2013 Romantische Elf-St\u00e4dte-Tour durch Friesland"},"content":{"rendered":"<p><strong>Preis enth\u00e4lt:<\/strong><\/p>\n<ul>\n<li><strong>6 x \u00dcbernachtungen<\/strong><br \/>\nmit Fr\u00fchst\u00fcck (Abendessen m\u00f6glich, wenn im Arrangement gebucht)<\/li>\n<li><strong>Gep\u00e4cktransport<br \/>\n<\/strong>inbegriffen<\/li>\n<li><a href=\"https:\/\/sto-garant.nl\/de\"><strong>STO-Garantie<\/strong><\/a><br \/>\nIhre Zahlung ist durch STO Garant vollst\u00e4ndig gesch\u00fctzt<\/li>\n<li><strong>Reservierungsgeb\u00fchr<br \/>\n<\/strong>inbegriffen<\/li>\n<li><strong>Umfangreiche Reisedokumentation<\/strong><br \/>\nSechs Wochen vor Ihrer Ankunft erhalten Sie eine detaillierte Routenkarte und den Friesland Travel Atlas (verf\u00fcgbar in vier Sprachen, 260 Seiten)<\/li>\n<li><strong>Stempelkarte<\/strong><br \/>\nSammeln Sie einen Stempel in jeder Stadt entlang der Elf-St\u00e4dte-Route<\/li>\n<li><strong>Kostenloser und sicherer Parkplatz<\/strong><br \/>\nf\u00fcr Ihr Auto zu Beginn der Tour (Hinweis: Das Start-Hotel befindet sich immer in Leeuwarden, wenn Sie mit \u00f6ffentlichen Verkehrsmitteln anreisen)<\/li>\n<li><strong>E-Bike-Ladestation<\/strong><br \/>\nan teilnehmenden Hotels, um w\u00e4hrend der gesamten Tour stets ausreichend Energie zu haben<\/li>\n<\/ul>\n<p><strong>Preis enth\u00e4lt nicht:<\/strong><\/p>\n<ul>\n<li><strong>Reise- und Stornoversicherung<\/strong><br \/>\nDiese muss \u00fcber Ihre eigene Versicherungsgesellschaft abgeschlossen werden<\/li>\n<li><strong>Mittagessen, Abendessen und Getr\u00e4nke<\/strong><br \/>\nSind nicht enthalten, es sei denn, sie wurden im Voraus gebucht<\/li>\n<li><a href=\"https:\/\/www.frieslandhollandtravel.nl\/de\/nachrichten\/pannengarantie-bei-ihrer-radreise-zur-elfstedentocht\/\"><strong>Fahrradassistenz<\/strong><\/a><br \/>\nWenn im Voraus gebucht, umfasst die Fahrradassistenz ein Ersatzfahrrad (innerhalb von 1,5 Stunden) im Falle einer Panne<\/li>\n<li><strong>Kurtaxe<\/strong><\/li>\n<\/ul>\n<p><strong>Stornierungsbedingungen:<\/strong><\/p>\n<ul>\n<li><strong>Kostenlose Stornierung<\/strong><br \/>\nbis sechs Wochen vor Ihrem Anreisedatum.<\/li>\n<li><strong>Bei einer Stornierung innerhalb von sechs Wochen<\/strong><br \/>\ngelten die Stornierungsbedingungen gem\u00e4\u00df Artikel 9.2 der Buchungsbedingungen. Diese sind auf unserer Website verf\u00fcgbar und werden Ihnen auch vorab zugesandt.<\/li>\n<li><strong>Reise- und Stornoversicherung<\/strong><br \/>\nEine Stornierung ist immer eine Angelegenheit Ihrer eigenen Reise- und Stornoversicherung, die Sie bei Ihrer Versicherungsgesellschaft abschlie\u00dfen m\u00fcssen.<\/li>\n<li><strong><a href=\"https:\/\/www.frieslandhollandtravel.nl\/de\/nachrichten\/reisen-bei-regen-so-funktionierts-bei-friesland-holland-travel\/\">Wetterbedingungen<\/a><br \/>\n<\/strong>Eine Stornierung aufgrund schlechter Wetterbedingungen ist nicht m\u00f6glich.<\/li>\n<\/ul>\n<p><strong>F\u00fcr wen:<\/strong><\/p>\n<p>Diese Tour ist ideal f\u00fcr Radsportbegeisterte \u2013 ob erfahrene Radfahrer oder Freizeitradler. Die Elf-St\u00e4dte-Tour bietet f\u00fcnf Tage Radfahren, mit t\u00e4glichen Etappen zwischen 30 und 85 Kilometern. Sie ist f\u00fcr diejenigen konzipiert, die die gesamte Tour in einem angenehmen Tempo absolvieren m\u00f6chten, mit Etappen zwischen 50 und 80 km pro Tag, aber genug Zeit haben, jede der historischen friesischen St\u00e4dte entlang der Route zu erkunden.<\/p>\n<p><strong>Optionale Zusatzleistung: Tagesausflug zu den Watteninseln! (Ameland, Terschelling oder Vlieland)<\/strong><\/p>\n<p>Verl\u00e4ngern Sie Ihr Abenteuer mit einem Tagesausflug zu einer der wundersch\u00f6nen Watteninseln: Ameland, Terschelling oder Vlieland. Dieser Ausflug ist nicht im Standardpaketpreis enthalten, kann aber f\u00fcr ein unvergessliches Erlebnis hinzugef\u00fcgt werden. Der Tagesausflug beginnt nach dem Fr\u00fchst\u00fcck mit einer F\u00e4hrfahrt zur Insel. Nach einer Radtour auf der Insel haben Sie die M\u00f6glichkeit, ein lokales Abendessen zu genie\u00dfen (auf eigene Kosten). Anschlie\u00dfend fahren Sie mit der F\u00e4hre zur\u00fcck zum Festland und \u00fcbernachten dort. Am n\u00e4chsten Morgen genie\u00dfen Sie ein Fr\u00fchst\u00fcck, bevor Sie Ihre Elf-St\u00e4dte-Tour fortsetzen.<\/p>\n<p><strong>Zusatzpreis f\u00fcr den Ausflug:<\/strong> Auf Anfrage verf\u00fcgbar.<br \/>\n<em>[Zus\u00e4tzliche Exkursionskosten beinhalten: R\u00fcckfahrt\u00fcberfahrt (Ticket f\u00fcr Person + Fahrrad), eine zus\u00e4tzliche \u00dcbernachtung mit Fr\u00fchst\u00fcck]<\/em><\/p>\n<p><strong>Starttag:<\/strong><\/p>\n<p>Sie k\u00f6nnen Ihre Tour an jedem Wochentag beginnen, je nach Wunsch.<\/p>\n<p><strong>Start und Ziel:<\/strong><\/p>\n<p>Der Start und das Ziel der Tour befinden sich in einem Hotel entlang der Elf-St\u00e4dte-Route.<\/p>\n<p><strong>STO-Garantie:<\/strong><\/p>\n<p>Diese Tour ist durch die <a href=\"https:\/\/sto-garant.nl\/de\">STO-Garantie<\/a> gesch\u00fctzt, sodass Ihre Zahlung sicher ist. Weitere Informationen finden Sie in den STO Garant-Bedingungen hier.<\/p>\n","protected":false},"excerpt":{"rendered":"<p>Erlebe die legend\u00e4re Elf-St\u00e4dte-Tour&#8230;<\/p>\n<p><a href=\"https:\/\/www.frieslandhollandtravel.nl\/de\/reisen\/7-taegiger-radurlaub-gesamte-elfstedentocht\/\">Read More \u00bb<\/a> <a class=\"continue\" href=\"https:\/\/www.frieslandhollandtravel.nl\/de\/reisen\/7-taegiger-radurlaub-gesamte-elfstedentocht\/\">Lees meer<span> 7-t\u00e4giger Radurlaub \u2013 Romantische Elf-St\u00e4dte-Tour durch Friesland<\/span><\/a><\/p>\n","protected":false},"featured_media":43655,"comment_status":"closed","ping_status":"closed","template":"","meta":{"_acf_changed":false,"wds_primary_product_brand":0,"wds_primary_product_cat":0},"product_brand":[],"product_cat":[211,147],"product_tag":[160,165,179],"class_list":{"0":"post-43082","1":"product","2":"type-product","3":"status-publish","4":"has-post-thumbnail","6":"product_cat-elf-staedte-tour-angebote","7":"product_cat-radfahren-urlaub","8":"product_tag-6-7-tage","9":"product_tag-empfohlen","10":"product_tag-fahrrad","12":"first","13":"instock","14":"sold-individually","15":"purchasable","16":"product-type-simple"},"acf":[],"_links":{"self":[{"href":"https:\/\/www.frieslandhollandtravel.nl\/de\/wp-json\/wp\/v2\/product\/43082","targetHints":{"allow":["GET"]}}],"collection":[{"href":"https:\/\/www.frieslandhollandtravel.nl\/de\/wp-json\/wp\/v2\/product"}],"about":[{"href":"https:\/\/www.frieslandhollandtravel.nl\/de\/wp-json\/wp\/v2\/types\/product"}],"replies":[{"embeddable":true,"href":"https:\/\/www.frieslandhollandtravel.nl\/de\/wp-json\/wp\/v2\/comments?post=43082"}],"wp:featuredmedia":[{"embeddable":true,"href":"https:\/\/www.frieslandhollandtravel.nl\/de\/wp-json\/wp\/v2\/media\/43655"}],"wp:attachment":[{"href":"https:\/\/www.frieslandhollandtravel.nl\/de\/wp-json\/wp\/v2\/media?parent=43082"}],"wp:term":[{"taxonomy":"product_brand","embeddable":true,"href":"https:\/\/www.frieslandhollandtravel.nl\/de\/wp-json\/wp\/v2\/product_brand?post=43082"},{"taxonomy":"product_cat","embeddable":true,"href":"https:\/\/www.frieslandhollandtravel.nl\/de\/wp-json\/wp\/v2\/product_cat?post=43082"},{"taxonomy":"product_tag","embeddable":true,"href":"https:\/\/www.frieslandhollandtravel.nl\/de\/wp-json\/wp\/v2\/product_tag?post=43082"}],"curies":[{"name":"wp","href":"https:\/\/api.w.org\/{rel}","templated":true}]}}