{"id":43262,"date":"2023-12-15T13:21:08","date_gmt":"2023-12-15T12:21:08","guid":{"rendered":"https:\/\/www.frieslandhollandtravel.nl\/?post_type=product&#038;p=43262"},"modified":"2026-01-30T13:17:12","modified_gmt":"2026-01-30T12:17:12","slug":"3-taegiger-radurlaub-gesamte-elfstedentocht","status":"publish","type":"product","link":"https:\/\/www.frieslandhollandtravel.nl\/de\/reisen\/3-taegiger-radurlaub-gesamte-elfstedentocht\/","title":{"rendered":"3-t\u00e4giger Radurlaub: Elf-St\u00e4dte-Tour erleben"},"content":{"rendered":"<p><strong>Preis inklusiv:<\/strong><\/p>\n<ul>\n<li><strong>2 x \u00dcbernachtungen mit Fr\u00fchst\u00fcck<\/strong><br \/>\nm\u00f6gliches Abendessen, wenn im Arrangement gebucht<\/li>\n<li><strong>Gep\u00e4cktransport<\/strong><br \/>\ninklusive<\/li>\n<li><a href=\"https:\/\/sto-garant.nl\/de\"><strong>STO-Garantie<\/strong><\/a><br \/>\nIhre Zahlung ist vollst\u00e4ndig durch STO Garant gesch\u00fctzt<\/li>\n<li><strong>Reservierungsgeb\u00fchr<\/strong><br \/>\ninklusive<\/li>\n<li><strong>Umfangreiche Reiseunterlagen<\/strong><br \/>\nSechs Wochen vor Ihrem Anreisedatum erhalten Sie eine detaillierte Routenkarte und den Friesland Travel Atlas (verf\u00fcgbar in vier Sprachen, 260 Seiten)<\/li>\n<li><strong>Stempelkarte<\/strong><br \/>\nSammeln Sie einen Stempel in jeder Stadt entlang der Elf-St\u00e4dte-Route<\/li>\n<li><strong>Kostenlose und sichere Parkm\u00f6glichkeiten<\/strong><br \/>\nf\u00fcr Ihr Auto zu Beginn der Tour (Hinweis: Das Start-Hotel befindet sich immer in Leeuwarden, wenn Sie mit \u00f6ffentlichen Verkehrsmitteln anreisen)<\/li>\n<li><strong>E-Bike-Ladestation<\/strong><br \/>\nan teilnehmenden Hotels, um w\u00e4hrend der Tour stets genug Energie zu haben<\/li>\n<\/ul>\n<p><strong>Preis nicht enthalten:<\/strong><\/p>\n<ul>\n<li><strong>Reise- und Stornoversicherung<\/strong><br \/>\nDiese muss bei Ihrer eigenen Versicherungsgesellschaft abgeschlossen werden<\/li>\n<li><strong>Mittagessen, Abendessen und Getr\u00e4nke<\/strong><br \/>\nsind nicht enthalten, es sei denn, sie wurden im Voraus gebucht<\/li>\n<li><strong><a href=\"https:\/\/www.frieslandhollandtravel.nl\/de\/nachrichten\/pannengarantie-bei-ihrer-radreise-zur-elfstedentocht\/\">Pannendienst<\/a><br \/>\n<\/strong>Wenn im Voraus gebucht, umfasst die Fahrradassistenz ein Ersatzfahrrad (innerhalb von 1,5 Stunden) im Falle einer Panne<\/li>\n<li><strong>Kurtaxe<\/strong><\/li>\n<\/ul>\n<p><strong>Stornierungsbedingungen:<\/strong><\/p>\n<ul>\n<li><strong>Kostenlose Stornierung<\/strong> bis sechs Wochen vor Ihrem Anreisedatum.<\/li>\n<li><strong>Bei einer Stornierung innerhalb von sechs Wochen<\/strong><br \/>\ngelten die Stornierungsbedingungen gem\u00e4\u00df Artikel 9.2 der Buchungsbedingungen. Diese sind auf unserer Website verf\u00fcgbar und werden Ihnen auch vorab zugesandt.<\/li>\n<li><strong>Reise- und Stornoversicherung<\/strong><br \/>\nEine Stornierung ist immer eine Angelegenheit Ihrer eigenen Reise- und Stornoversicherung, die Sie bei Ihrer Versicherungsgesellschaft abschlie\u00dfen m\u00fcssen.<\/li>\n<li><strong><a href=\"https:\/\/www.frieslandhollandtravel.nl\/de\/nachrichten\/reisen-bei-regen-so-funktionierts-bei-friesland-holland-travel\/\">Wetterbedingungen<\/a><br \/>\n<\/strong>Eine Stornierung aufgrund schlechter Wetterbedingungen ist nicht m\u00f6glich.<\/li>\n<\/ul>\n<p><strong>F\u00fcr wen:<\/strong><\/p>\n<p data-start=\"41\" data-end=\"312\">Diese dreit\u00e4gige Elfstedentocht per Fahrrad wurde speziell f\u00fcr den aktiven Radfahrer entwickelt, der eine sportliche Herausforderung liebt. In zwei anspruchsvollen Etappen von etwa 120 Kilometern pro Tag fahren Sie die komplette Strecke der legend\u00e4ren Elfstedentocht.<\/p>\n<p data-start=\"314\" data-end=\"864\">Das Arrangement ist ideal f\u00fcr diejenigen, die in kurzer Zeit die gesamte Elfstedentocht-Route erleben m\u00f6chten, von der historischen Stadt Leeuwarden bis hin zur K\u00fcste bei Harlingen und den charmanten St\u00e4dtchen im S\u00fcdwesten Frieslands.<br data-start=\"548\" data-end=\"551\" \/>Egal, ob Sie ein leidenschaftlicher Tourenradfahrer sind oder einfach gerne viele Kilometer fahren \u2013 diese Tour bietet intensive, abwechslungsreiche und beeindruckende Tage auf dem Fahrrad. Ein echtes Abenteuer f\u00fcr diejenigen, die die \u201eTocht der Tochten\u201c erleben m\u00f6chten, aber diesmal im Sattel statt auf dem Eis!<\/p>\n<p><strong>Starttag:<\/strong><\/p>\n<p>Sie k\u00f6nnen Ihre Tour an jedem Wochentag beginnen, je nach Ihrer Pr\u00e4ferenz.<\/p>\n<p><strong>Start und Ziel:<\/strong><\/p>\n<p>Der Start und das Ziel der Tour sind in einem Hotel entlang der Elf-St\u00e4dte-Route.<\/p>\n<p><strong>STO-Garantie:<\/strong><\/p>\n<p>Diese Tour ist durch die STO-Garantie gesch\u00fctzt, sodass Ihre Zahlung sicher ist. Weitere Informationen finden Sie in den STO Garant-Bedingungen <a href=\"https:\/\/sto-garant.nl\/de\">hier<\/a>.<\/p>\n","protected":false},"excerpt":{"rendered":"<p>Diese dreit\u00e4gige Elfstedentocht per&#8230;<\/p>\n<p><a href=\"https:\/\/www.frieslandhollandtravel.nl\/de\/reisen\/3-taegiger-radurlaub-gesamte-elfstedentocht\/\">Read More \u00bb<\/a> <a class=\"continue\" href=\"https:\/\/www.frieslandhollandtravel.nl\/de\/reisen\/3-taegiger-radurlaub-gesamte-elfstedentocht\/\">Lees meer<span> 3-t\u00e4giger Radurlaub: Elf-St\u00e4dte-Tour erleben<\/span><\/a><\/p>\n","protected":false},"featured_media":43918,"comment_status":"closed","ping_status":"closed","template":"","meta":{"_acf_changed":false,"wds_primary_product_brand":0,"wds_primary_product_cat":0},"product_brand":[],"product_cat":[211,147],"product_tag":[149,179,182],"class_list":{"0":"post-43262","1":"product","2":"type-product","3":"status-publish","4":"has-post-thumbnail","6":"product_cat-elf-staedte-tour-angebote","7":"product_cat-radfahren-urlaub","8":"product_tag-2-3-tage","9":"product_tag-fahrrad","10":"product_tag-mehr-als-100-km","12":"first","13":"instock","14":"sold-individually","15":"purchasable","16":"product-type-simple"},"acf":[],"_links":{"self":[{"href":"https:\/\/www.frieslandhollandtravel.nl\/de\/wp-json\/wp\/v2\/product\/43262","targetHints":{"allow":["GET"]}}],"collection":[{"href":"https:\/\/www.frieslandhollandtravel.nl\/de\/wp-json\/wp\/v2\/product"}],"about":[{"href":"https:\/\/www.frieslandhollandtravel.nl\/de\/wp-json\/wp\/v2\/types\/product"}],"replies":[{"embeddable":true,"href":"https:\/\/www.frieslandhollandtravel.nl\/de\/wp-json\/wp\/v2\/comments?post=43262"}],"wp:featuredmedia":[{"embeddable":true,"href":"https:\/\/www.frieslandhollandtravel.nl\/de\/wp-json\/wp\/v2\/media\/43918"}],"wp:attachment":[{"href":"https:\/\/www.frieslandhollandtravel.nl\/de\/wp-json\/wp\/v2\/media?parent=43262"}],"wp:term":[{"taxonomy":"product_brand","embeddable":true,"href":"https:\/\/www.frieslandhollandtravel.nl\/de\/wp-json\/wp\/v2\/product_brand?post=43262"},{"taxonomy":"product_cat","embeddable":true,"href":"https:\/\/www.frieslandhollandtravel.nl\/de\/wp-json\/wp\/v2\/product_cat?post=43262"},{"taxonomy":"product_tag","embeddable":true,"href":"https:\/\/www.frieslandhollandtravel.nl\/de\/wp-json\/wp\/v2\/product_tag?post=43262"}],"curies":[{"name":"wp","href":"https:\/\/api.w.org\/{rel}","templated":true}]}}