{"id":43265,"date":"2023-12-15T13:19:44","date_gmt":"2023-12-15T12:19:44","guid":{"rendered":"https:\/\/www.frieslandhollandtravel.nl\/?post_type=product&#038;p=43265"},"modified":"2026-01-30T13:17:54","modified_gmt":"2026-01-30T12:17:54","slug":"4-taegiger-radurlaub-suedlicher-elfstedentocht","status":"publish","type":"product","link":"https:\/\/www.frieslandhollandtravel.nl\/de\/reisen\/4-taegiger-radurlaub-suedlicher-elfstedentocht\/","title":{"rendered":"4-t\u00e4gige Radtour durch Friesland &#8211; Entdecke die s\u00fcdlichen St\u00e4dte"},"content":{"rendered":"<p><strong>Preis inklusiv:<\/strong><\/p>\n<ul>\n<li><strong>3 x \u00dcbernachtungen mit Fr\u00fchst\u00fcck<\/strong><br \/>\noptional Abendessen, wenn im Arrangement gebucht<\/li>\n<li><strong>Gep\u00e4cktransport<\/strong><br \/>\ninklusive<\/li>\n<li><a href=\"https:\/\/sto-garant.nl\/de\"><strong>STO-Garantie<\/strong><\/a><br \/>\nIhre Zahlung ist vollst\u00e4ndig durch STO Garant gesch\u00fctzt<\/li>\n<li><strong>Reservierungsgeb\u00fchr<\/strong><br \/>\ninklusive<\/li>\n<li><strong>Umfangreiche Reiseunterlagen<\/strong><br \/>\nSechs Wochen vor Ihrem Anreisedatum erhalten Sie eine detaillierte Routenkarte und den Friesland Travel Atlas (verf\u00fcgbar in vier Sprachen, 260 Seiten)<\/li>\n<li><strong>Stempelkarte<\/strong><br \/>\nSammeln Sie einen Stempel in jeder Stadt entlang der Elf-St\u00e4dte-Route<\/li>\n<li><strong>Kostenlose und sichere Parkm\u00f6glichkeiten<\/strong><br \/>\nf\u00fcr Ihr Auto am Startpunkt der Tour (Hinweis: Das Start-Hotel befindet sich immer in Leeuwarden, wenn Sie mit \u00f6ffentlichen Verkehrsmitteln anreisen)<\/li>\n<li><strong>E-Bike-Ladestation<\/strong><br \/>\nan teilnehmenden Hotels<\/li>\n<\/ul>\n<p><strong>Preis nicht enthalten:<\/strong><\/p>\n<ul>\n<li><strong>Reise- und Stornoversicherung<\/strong><br \/>\nDiese muss bei Ihrer eigenen Versicherungsgesellschaft abgeschlossen werden<\/li>\n<li><strong>Mittagessen, Abendessen und Getr\u00e4nke<\/strong><br \/>\nDiese sind nicht enthalten, es sei denn, sie wurden im Voraus gebucht<\/li>\n<li><a href=\"https:\/\/www.frieslandhollandtravel.nl\/de\/nachrichten\/pannengarantie-bei-ihrer-radreise-zur-elfstedentocht\/\"><strong>Pannendienst<\/strong><\/a><br \/>\nWenn im Voraus gebucht, umfasst der Pannendienst ein Ersatzfahrrad (innerhalb von 1,5 Stunden) im Falle einer Panne<\/li>\n<li><strong>Kurtaxe<\/strong><\/li>\n<\/ul>\n<p><strong>Stornierungsbedingungen:<\/strong><\/p>\n<ul>\n<li><strong>Kostenlose Stornierung<\/strong> bis sechs Wochen vor Ihrem Anreisedatum.<\/li>\n<li><strong>Bei einer Stornierung innerhalb von sechs Wochen<\/strong><br \/>\ngelten die Stornierungsbedingungen gem\u00e4\u00df Artikel 9.2 der Buchungsbedingungen. Diese sind auf unserer Website verf\u00fcgbar und werden Ihnen auch vorab zugesandt.<\/li>\n<li><strong>Reise- und Stornoversicherung<\/strong><br \/>\nEine Stornierung ist immer eine Angelegenheit Ihrer eigenen Reise- und Stornoversicherung, die Sie bei Ihrer Versicherungsgesellschaft abschlie\u00dfen m\u00fcssen.<\/li>\n<li><strong><a href=\"https:\/\/www.frieslandhollandtravel.nl\/de\/nachrichten\/reisen-bei-regen-so-funktionierts-bei-friesland-holland-travel\/\">Wetterbedingungen<\/a><br \/>\n<\/strong>Eine Stornierung aufgrund schlechter Wetterbedingungen ist nicht m\u00f6glich.<\/li>\n<\/ul>\n<p><strong>F\u00fcr wen:<\/strong><\/p>\n<p>Bei dieser Tour entdecken Sie den s\u00fcdlichen Teil Frieslands. Auch wenn Sie nicht die gesamte Elfstedentocht fahren, besuchen Sie 7 der 11 St\u00e4dte. Unterwegs erleben Sie eine Mischung aus Museen, historischen St\u00e4dten und charmanten Restaurants, w\u00e4hrend Sie einen Teil der ikonischen Elfstedentocht-Route folgen. Diese Reise kombiniert Radfahren mit kulturellen Erlebnissen und bietet eine einzigartige Gelegenheit, die reiche Geschichte, Architektur und Gastronomie Frieslands zu entdecken.<\/p>\n<p><strong>Starttag:<br \/>\n<\/strong>Sie k\u00f6nnen Ihre Tour an jedem Wochentag beginnen, je nach Ihrer Pr\u00e4ferenz.<\/p>\n<p><strong>Start und Ziel:<br \/>\n<\/strong>Der Start und das Ziel der Tour befinden sich in einem Hotel entlang der Elf-St\u00e4dte-Route.<\/p>\n<p><strong>STO-Garantie:<br \/>\n<\/strong>Diese Tour ist durch die STO-Garantie gesch\u00fctzt, sodass Ihre Zahlung sicher ist. Weitere Informationen finden Sie in den STO Garant-Bedingungen <a href=\"https:\/\/sto-garant.nl\/de\">hier.<\/a><\/p>\n","protected":false},"excerpt":{"rendered":"<p>Entdecken Sie das Herz&#8230;<\/p>\n<p><a href=\"https:\/\/www.frieslandhollandtravel.nl\/de\/reisen\/4-taegiger-radurlaub-suedlicher-elfstedentocht\/\">Read More \u00bb<\/a> <a class=\"continue\" href=\"https:\/\/www.frieslandhollandtravel.nl\/de\/reisen\/4-taegiger-radurlaub-suedlicher-elfstedentocht\/\">Lees meer<span> 4-t\u00e4gige Radtour durch Friesland &#8211; Entdecke die s\u00fcdlichen St\u00e4dte<\/span><\/a><\/p>\n","protected":false},"featured_media":43565,"comment_status":"closed","ping_status":"closed","template":"","meta":{"_acf_changed":false,"wds_primary_product_brand":0,"wds_primary_product_cat":0},"product_brand":[],"product_cat":[211,147],"product_tag":[151,163,179],"class_list":{"0":"post-43265","1":"product","2":"type-product","3":"status-publish","4":"has-post-thumbnail","6":"product_cat-elf-staedte-tour-angebote","7":"product_cat-radfahren-urlaub","8":"product_tag-4-5-tage","9":"product_tag-58-km-de","10":"product_tag-fahrrad","12":"first","13":"instock","14":"sold-individually","15":"purchasable","16":"product-type-simple"},"acf":[],"_links":{"self":[{"href":"https:\/\/www.frieslandhollandtravel.nl\/de\/wp-json\/wp\/v2\/product\/43265","targetHints":{"allow":["GET"]}}],"collection":[{"href":"https:\/\/www.frieslandhollandtravel.nl\/de\/wp-json\/wp\/v2\/product"}],"about":[{"href":"https:\/\/www.frieslandhollandtravel.nl\/de\/wp-json\/wp\/v2\/types\/product"}],"replies":[{"embeddable":true,"href":"https:\/\/www.frieslandhollandtravel.nl\/de\/wp-json\/wp\/v2\/comments?post=43265"}],"wp:featuredmedia":[{"embeddable":true,"href":"https:\/\/www.frieslandhollandtravel.nl\/de\/wp-json\/wp\/v2\/media\/43565"}],"wp:attachment":[{"href":"https:\/\/www.frieslandhollandtravel.nl\/de\/wp-json\/wp\/v2\/media?parent=43265"}],"wp:term":[{"taxonomy":"product_brand","embeddable":true,"href":"https:\/\/www.frieslandhollandtravel.nl\/de\/wp-json\/wp\/v2\/product_brand?post=43265"},{"taxonomy":"product_cat","embeddable":true,"href":"https:\/\/www.frieslandhollandtravel.nl\/de\/wp-json\/wp\/v2\/product_cat?post=43265"},{"taxonomy":"product_tag","embeddable":true,"href":"https:\/\/www.frieslandhollandtravel.nl\/de\/wp-json\/wp\/v2\/product_tag?post=43265"}],"curies":[{"name":"wp","href":"https:\/\/api.w.org\/{rel}","templated":true}]}}