{"id":43271,"date":"2023-12-15T13:12:23","date_gmt":"2023-12-15T12:12:23","guid":{"rendered":"https:\/\/www.frieslandhollandtravel.nl\/?post_type=product&#038;p=43271"},"modified":"2026-01-30T13:18:38","modified_gmt":"2026-01-30T12:18:38","slug":"5-taegiges-elfsteden-radpaket","status":"publish","type":"product","link":"https:\/\/www.frieslandhollandtravel.nl\/de\/reisen\/5-taegiges-elfsteden-radpaket\/","title":{"rendered":"5 Tage Romantik auf dem Rad \u2013 Die legend\u00e4ren Elf-St\u00e4dte"},"content":{"rendered":"<p><strong>Preis inklusiv:<\/strong><\/p>\n<ul>\n<li><strong>4 x \u00dcbernachtungen mit Fr\u00fchst\u00fcck<\/strong><br \/>\nm\u00f6gliches Abendessen, wenn im Arrangement gebucht<\/li>\n<li><strong>Gep\u00e4cktransport<\/strong><br \/>\ninklusive<\/li>\n<li><a href=\"https:\/\/sto-garant.nl\/de\"><strong>STO-Garantie<\/strong><\/a><br \/>\nIhre Zahlung ist vollst\u00e4ndig durch STO Garant gesch\u00fctzt<\/li>\n<li><strong>Reservierungsgeb\u00fchr<\/strong><br \/>\ninklusive<\/li>\n<li><strong>Umfangreiche Reiseunterlagen<\/strong><br \/>\nSechs Wochen vor Ihrem Anreisedatum erhalten Sie eine detaillierte Routenkarte und den Friesland Travel Atlas (verf\u00fcgbar in vier Sprachen, 260 Seiten)<\/li>\n<li><strong>Stempelkarte<\/strong><br \/>\nSammeln Sie einen Stempel in jeder Stadt entlang der Elf-St\u00e4dte-Route<\/li>\n<li><strong>Kostenlose und sichere Parkm\u00f6glichkeiten<\/strong><br \/>\nf\u00fcr Ihr Auto zu Beginn der Tour (Hinweis: Das Start-Hotel befindet sich immer in Leeuwarden, wenn Sie mit \u00f6ffentlichen Verkehrsmitteln anreisen)<\/li>\n<li><strong>E-Bike-Ladestation<\/strong><br \/>\nan teilnehmenden Hotels, um w\u00e4hrend der Tour stets genug Energie zu haben<\/li>\n<\/ul>\n<p><strong>Preis nicht enthalten:<\/strong><\/p>\n<ul>\n<li><strong>Reise- und Stornoversicherung<\/strong><br \/>\nDiese muss bei Ihrer eigenen Versicherungsgesellschaft abgeschlossen werden<\/li>\n<li><strong>Mittagessen, Abendessen und Getr\u00e4nke<\/strong><br \/>\nsind nicht enthalten, es sei denn, sie wurden im Voraus gebucht<\/li>\n<li><strong><a href=\"https:\/\/www.frieslandhollandtravel.nl\/de\/nachrichten\/pannengarantie-bei-ihrer-radreise-zur-elfstedentocht\/\">Pannendienst<\/a><br \/>\n<\/strong>Wenn im Voraus gebucht, umfasst die Fahrradassistenz ein Ersatzfahrrad (innerhalb von 1,5 Stunden) im Falle einer Panne<\/li>\n<li><strong>Kurtaxe<\/strong><\/li>\n<\/ul>\n<p><strong>Stornierungsbedingungen:<\/strong><\/p>\n<ul>\n<li><strong>Kostenlose Stornierung<\/strong> bis sechs Wochen vor Ihrem Anreisedatum.<\/li>\n<li><strong>Bei einer Stornierung innerhalb von sechs Wochen<\/strong><br \/>\ngelten die Stornierungsbedingungen gem\u00e4\u00df Artikel 9.2 der Buchungsbedingungen. Diese sind auf unserer Website verf\u00fcgbar und werden Ihnen auch vorab zugesandt.<\/li>\n<li><strong>Reise- und Stornoversicherung<\/strong><br \/>\nEine Stornierung ist immer eine Angelegenheit Ihrer eigenen Reise- und Stornoversicherung, die Sie bei Ihrer Versicherungsgesellschaft abschlie\u00dfen m\u00fcssen.<\/li>\n<li><strong><a href=\"https:\/\/www.frieslandhollandtravel.nl\/de\/nachrichten\/reisen-bei-regen-so-funktionierts-bei-friesland-holland-travel\/\">Wetterbedingungen<\/a><br \/>\n<\/strong>Eine Stornierung aufgrund schlechter Wetterbedingungen ist nicht m\u00f6glich.<\/li>\n<\/ul>\n<p><strong>F\u00fcr wen:<\/strong><\/p>\n<p>Diese Tour ist ideal f\u00fcr Radbegeisterte \u2013 ob Sie ein erfahrener Radfahrer oder ein Freizeitradler sind. Die Elf-St\u00e4dte-Tour bietet f\u00fcnf Tage Radfahren mit t\u00e4glichen Etappen zwischen 30 und 85 Kilometern. Sie ist f\u00fcr diejenigen gedacht, die die gesamte Tour in einem angenehmen Tempo absolvieren m\u00f6chten, mit Etappen von 50 bis 80 km pro Tag, aber mit gen\u00fcgend Zeit, um jede der historischen friesischen St\u00e4dte entlang der Route zu erkunden.<\/p>\n<p><strong>Optionale Zusatzleistung: Tagesausflug zu den Watteninseln! (Ameland, Terschelling oder Vlieland)<\/strong><\/p>\n<p>Erweitern Sie Ihr Abenteuer mit einem Tagesausflug zu einer der sch\u00f6nen Watteninseln: Ameland, Terschelling oder Vlieland. Dieser Ausflug ist nicht im Standardpaketpreis enthalten, kann jedoch f\u00fcr ein unvergessliches Erlebnis hinzugebucht werden. Der Tagesausflug beginnt nach dem Fr\u00fchst\u00fcck mit einer F\u00e4hrfahrt zur Insel. Nach dem Radfahren auf der Insel haben Sie die M\u00f6glichkeit, ein lokales Abendessen zu genie\u00dfen (auf eigene Kosten). Anschlie\u00dfend nehmen Sie die F\u00e4hre zur\u00fcck zum Festland f\u00fcr Ihre \u00dcbernachtung. Am n\u00e4chsten Morgen genie\u00dfen Sie Ihr Fr\u00fchst\u00fcck, bevor Sie Ihre Elf-St\u00e4dte-Tour fortsetzen.<\/p>\n<p><strong>Zus\u00e4tzlicher Ausflugspreis:<\/strong> Auf Anfrage erh\u00e4ltlich.<br \/>\n<em>[Zus\u00e4tzliche Exkursionskosten beinhalten: R\u00fcckfahrt\u00fcberfahrt (Ticket f\u00fcr Person + Fahrrad), eine zus\u00e4tzliche \u00dcbernachtung mit Fr\u00fchst\u00fcck]<\/em><\/p>\n<p><strong>Starttag:<\/strong><\/p>\n<p>Sie k\u00f6nnen Ihre Tour an jedem Wochentag beginnen, je nach Ihrer Pr\u00e4ferenz.<\/p>\n<p><strong>Start und Ziel:<\/strong><\/p>\n<p>Der Start und das Ziel der Tour sind in einem Hotel entlang der Elf-St\u00e4dte-Route.<\/p>\n<p><strong>STO-Garantie:<\/strong><\/p>\n<p>Diese Tour ist durch die STO-Garantie gesch\u00fctzt, sodass Ihre Zahlung sicher ist. Weitere Informationen finden Sie in den STO Garant-Bedingungen <a href=\"https:\/\/sto-garant.nl\/de\">hier<\/a>.<\/p>\n","protected":false},"excerpt":{"rendered":"<p>Erlebe das meistgebuchte Fahrradabenteuer!&#8230;<\/p>\n<p><a href=\"https:\/\/www.frieslandhollandtravel.nl\/de\/reisen\/5-taegiges-elfsteden-radpaket\/\">Read More \u00bb<\/a> <a class=\"continue\" href=\"https:\/\/www.frieslandhollandtravel.nl\/de\/reisen\/5-taegiges-elfsteden-radpaket\/\">Lees meer<span> 5 Tage Romantik auf dem Rad \u2013 Die legend\u00e4ren Elf-St\u00e4dte<\/span><\/a><\/p>\n","protected":false},"featured_media":43860,"comment_status":"closed","ping_status":"closed","template":"","meta":{"_acf_changed":false,"wds_primary_product_brand":0,"wds_primary_product_cat":0},"product_brand":[],"product_cat":[211,147],"product_tag":[151,162,165,179],"class_list":{"0":"post-43271","1":"product","2":"type-product","3":"status-publish","4":"has-post-thumbnail","6":"product_cat-elf-staedte-tour-angebote","7":"product_cat-radfahren-urlaub","8":"product_tag-4-5-tage","9":"product_tag-51-100-km-de","10":"product_tag-empfohlen","11":"product_tag-fahrrad","13":"first","14":"instock","15":"sold-individually","16":"purchasable","17":"product-type-simple"},"acf":[],"_links":{"self":[{"href":"https:\/\/www.frieslandhollandtravel.nl\/de\/wp-json\/wp\/v2\/product\/43271","targetHints":{"allow":["GET"]}}],"collection":[{"href":"https:\/\/www.frieslandhollandtravel.nl\/de\/wp-json\/wp\/v2\/product"}],"about":[{"href":"https:\/\/www.frieslandhollandtravel.nl\/de\/wp-json\/wp\/v2\/types\/product"}],"replies":[{"embeddable":true,"href":"https:\/\/www.frieslandhollandtravel.nl\/de\/wp-json\/wp\/v2\/comments?post=43271"}],"wp:featuredmedia":[{"embeddable":true,"href":"https:\/\/www.frieslandhollandtravel.nl\/de\/wp-json\/wp\/v2\/media\/43860"}],"wp:attachment":[{"href":"https:\/\/www.frieslandhollandtravel.nl\/de\/wp-json\/wp\/v2\/media?parent=43271"}],"wp:term":[{"taxonomy":"product_brand","embeddable":true,"href":"https:\/\/www.frieslandhollandtravel.nl\/de\/wp-json\/wp\/v2\/product_brand?post=43271"},{"taxonomy":"product_cat","embeddable":true,"href":"https:\/\/www.frieslandhollandtravel.nl\/de\/wp-json\/wp\/v2\/product_cat?post=43271"},{"taxonomy":"product_tag","embeddable":true,"href":"https:\/\/www.frieslandhollandtravel.nl\/de\/wp-json\/wp\/v2\/product_tag?post=43271"}],"curies":[{"name":"wp","href":"https:\/\/api.w.org\/{rel}","templated":true}]}}