{"id":50583,"date":"2025-12-02T17:26:07","date_gmt":"2025-12-02T16:26:07","guid":{"rendered":"https:\/\/www.frieslandhollandtravel.nl\/?post_type=product&#038;p=50583"},"modified":"2026-04-09T14:05:16","modified_gmt":"2026-04-09T12:05:16","slug":"kopie-2-romantische-elf-staedte-radtour-6-tage-durch-frieslands-schoene-staedte","status":"publish","type":"product","link":"https:\/\/www.frieslandhollandtravel.nl\/de\/reisen\/kopie-2-romantische-elf-staedte-radtour-6-tage-durch-frieslands-schoene-staedte\/","title":{"rendered":"5-t\u00e4giges Auto-Arrangement \u201eDie Friesenw\u00e4lder-Route\u201c"},"content":{"rendered":"<p data-start=\"63\" data-end=\"85\"><strong data-start=\"63\" data-end=\"83\">Preis inklusive:<\/strong><\/p>\n<ul data-start=\"87\" data-end=\"514\">\n<li data-section-id=\"depvrm\" data-start=\"87\" data-end=\"143\">\u00dcbernachtungen mit Fr\u00fchst\u00fcck in B&amp;Bs und\/oder Hotels<\/li>\n<li data-section-id=\"1q21tn1\" data-start=\"144\" data-end=\"200\">Optionales Abendessen, sofern im Arrangement gebucht<\/li>\n<li data-section-id=\"1efxwrn\" data-start=\"201\" data-end=\"277\"><strong data-start=\"203\" data-end=\"220\">STO-Garantie:<\/strong> Ihre Zahlung ist vollst\u00e4ndig \u00fcber STO Garant gesch\u00fctzt<\/li>\n<li data-section-id=\"cqrzd6\" data-start=\"278\" data-end=\"308\">Buchungsgeb\u00fchren inklusive<\/li>\n<li data-section-id=\"n0gwel\" data-start=\"309\" data-end=\"338\">Touristensteuer inklusive<\/li>\n<li data-section-id=\"1yrceod\" data-start=\"339\" data-end=\"514\">Umfassende Reisedokumentation: Sechs Wochen vor Ihrem Anreisedatum erhalten Sie eine detaillierte Routenkarte und den Friesland Travel Atlas (in vier Sprachen, 260 Seiten)<\/li>\n<\/ul>\n<p data-start=\"516\" data-end=\"538\"><strong data-start=\"516\" data-end=\"536\">Preis exklusive:<\/strong><\/p>\n<ul data-start=\"540\" data-end=\"987\">\n<li data-section-id=\"1smf9vz\" data-start=\"540\" data-end=\"659\">Reise- und Reiser\u00fccktrittsversicherung: Diese muss bei Ihrer eigenen Versicherungsgesellschaft abgeschlossen werden<\/li>\n<li data-section-id=\"1n3y880\" data-start=\"660\" data-end=\"742\">Mittagessen, Abendessen und Getr\u00e4nke: Nicht enthalten, au\u00dfer im Voraus gebucht<\/li>\n<li data-section-id=\"19xgre4\" data-start=\"743\" data-end=\"967\"><strong data-start=\"745\" data-end=\"793\">Fytse mei Sytze \u2013 Friesland Inspiration Map:<\/strong> \u00dcber einen Link erhalten Sie Zugang zu einer Inspirationskarte mit \u00fcber 400 Orten in Friesland: von Geschichten und Wissenswertem bis hin zu Routen und versteckten Pl\u00e4tzen<\/li>\n<li data-section-id=\"1niytv5\" data-start=\"968\" data-end=\"987\">Touristensteuer<\/li>\n<\/ul>\n<p data-start=\"989\" data-end=\"1019\"><strong data-start=\"989\" data-end=\"1017\">Stornierungsbedingungen:<\/strong><\/p>\n<ul data-start=\"1021\" data-end=\"1620\">\n<li data-section-id=\"bio5jd\" data-start=\"1021\" data-end=\"1092\"><strong data-start=\"1023\" data-end=\"1050\">Kostenlose Stornierung:<\/strong> Bis sechs Wochen vor Ihrem Anreisedatum<\/li>\n<li data-section-id=\"1y30o46\" data-start=\"1093\" data-end=\"1323\"><strong data-start=\"1095\" data-end=\"1123\">Stornierungsbedingungen:<\/strong> Bei Stornierungen innerhalb von sechs Wochen gelten die Stornierungsbedingungen gem\u00e4\u00df Artikel 9.2 der Buchungsbedingungen. Diese sind auf unserer Website verf\u00fcgbar und werden Ihnen vorab zugesandt.<\/li>\n<li data-section-id=\"4p24vq\" data-start=\"1324\" data-end=\"1530\"><strong data-start=\"1326\" data-end=\"1369\">Reise- und Reiser\u00fccktrittsversicherung:<\/strong> Eine Stornierung ist immer eine Angelegenheit Ihrer eigenen Reise- und R\u00fccktrittsversicherung, die Sie bei Ihrer Versicherungsgesellschaft abschlie\u00dfen m\u00fcssen.<\/li>\n<li data-section-id=\"1tub5rx\" data-start=\"1531\" data-end=\"1620\"><strong data-start=\"1533\" data-end=\"1555\">Wetterbedingungen:<\/strong> Eine Stornierung aufgrund schlechten Wetters ist nicht m\u00f6glich<\/li>\n<\/ul>\n<p data-start=\"1622\" data-end=\"1636\"><strong data-start=\"1622\" data-end=\"1634\">F\u00fcr wen:<\/strong><\/p>\n<p data-start=\"1638\" data-end=\"2067\">Die <strong data-start=\"1642\" data-end=\"1665\">Friesenw\u00e4lder-Route<\/strong> ist eine wundersch\u00f6ne Strecke, um den Norden Frieslands zu entdecken. Die Route ist 190 Kilometer lang und kann als komfortable \u201eExpedition\u201c zu kaum bekannten, aber weltweit einzigartigen Sehensw\u00fcrdigkeiten betrachtet werden. Eine Tour voller angenehmer \u00dcberraschungen, unter anderem: Moddergat, Noardlike Fryske W\u00e2lden, Nationalpark De Alde Feanen, Nationalpark Lauwersmeer, Dokkum und Hegebeintum.<\/p>\n<p data-start=\"2069\" data-end=\"2084\"><strong data-start=\"2069\" data-end=\"2082\">Starttag:<\/strong><\/p>\n<p data-start=\"2086\" data-end=\"2162\">Sie k\u00f6nnen Ihre Tour an jedem Wochentag beginnen, je nach Ihren Vorlieben.<\/p>\n<p data-start=\"2164\" data-end=\"2190\"><strong data-start=\"2164\" data-end=\"2188\">Start- und Endpunkt:<\/strong><\/p>\n<p data-start=\"2192\" data-end=\"2289\">Der Start- und Endpunkt der Tour befindet sich in einem Hotel entlang der Elfstedentocht-Route.<\/p>\n<p data-start=\"2291\" data-end=\"2310\"><strong data-start=\"2291\" data-end=\"2308\">STO-Garantie:<\/strong><\/p>\n<p data-start=\"2312\" data-end=\"2458\">Diese Tour ist durch die STO-Garantie gesch\u00fctzt, sodass Ihre Zahlung sicher ist. Weitere Informationen finden Sie in den STO Garant-Bedingungen.<\/p>\n","protected":false},"excerpt":{"rendered":"<p>Die Friesenw\u00e4lder-Route ist eine&#8230;<\/p>\n<p><a href=\"https:\/\/www.frieslandhollandtravel.nl\/de\/reisen\/kopie-2-romantische-elf-staedte-radtour-6-tage-durch-frieslands-schoene-staedte\/\">Read More \u00bb<\/a> <a class=\"continue\" href=\"https:\/\/www.frieslandhollandtravel.nl\/de\/reisen\/kopie-2-romantische-elf-staedte-radtour-6-tage-durch-frieslands-schoene-staedte\/\">Lees meer<span> 5-t\u00e4giges Auto-Arrangement \u201eDie Friesenw\u00e4lder-Route\u201c<\/span><\/a><\/p>\n","protected":false},"featured_media":43880,"comment_status":"closed","ping_status":"closed","template":"","meta":{"_acf_changed":false,"wds_primary_product_brand":0,"wds_primary_product_cat":213},"product_brand":[220],"product_cat":[213,217],"product_tag":[244,246,245],"class_list":{"0":"post-50583","1":"product","2":"type-product","3":"status-publish","4":"has-post-thumbnail","6":"product_brand-friese-wouden","7":"product_cat-markantfriesland","8":"product_cat-noardlike-fryske-walden","9":"product_tag-6-7-dagen","10":"product_tag-aanbevolen","11":"product_tag-tot-50-km","13":"first","14":"instock","15":"sold-individually","16":"purchasable","17":"product-type-simple"},"acf":[],"_links":{"self":[{"href":"https:\/\/www.frieslandhollandtravel.nl\/de\/wp-json\/wp\/v2\/product\/50583","targetHints":{"allow":["GET"]}}],"collection":[{"href":"https:\/\/www.frieslandhollandtravel.nl\/de\/wp-json\/wp\/v2\/product"}],"about":[{"href":"https:\/\/www.frieslandhollandtravel.nl\/de\/wp-json\/wp\/v2\/types\/product"}],"replies":[{"embeddable":true,"href":"https:\/\/www.frieslandhollandtravel.nl\/de\/wp-json\/wp\/v2\/comments?post=50583"}],"wp:featuredmedia":[{"embeddable":true,"href":"https:\/\/www.frieslandhollandtravel.nl\/de\/wp-json\/wp\/v2\/media\/43880"}],"wp:attachment":[{"href":"https:\/\/www.frieslandhollandtravel.nl\/de\/wp-json\/wp\/v2\/media?parent=50583"}],"wp:term":[{"taxonomy":"product_brand","embeddable":true,"href":"https:\/\/www.frieslandhollandtravel.nl\/de\/wp-json\/wp\/v2\/product_brand?post=50583"},{"taxonomy":"product_cat","embeddable":true,"href":"https:\/\/www.frieslandhollandtravel.nl\/de\/wp-json\/wp\/v2\/product_cat?post=50583"},{"taxonomy":"product_tag","embeddable":true,"href":"https:\/\/www.frieslandhollandtravel.nl\/de\/wp-json\/wp\/v2\/product_tag?post=50583"}],"curies":[{"name":"wp","href":"https:\/\/api.w.org\/{rel}","templated":true}]}}