{"id":50587,"date":"2025-12-02T17:28:19","date_gmt":"2025-12-02T16:28:19","guid":{"rendered":"https:\/\/www.frieslandhollandtravel.nl\/?post_type=product&#038;p=50587"},"modified":"2026-04-09T13:56:35","modified_gmt":"2026-04-09T11:56:35","slug":"kopie-3-romantische-elf-staedte-radtour-6-tage-durch-frieslands-schoene-staedte-kopie","status":"publish","type":"product","link":"https:\/\/www.frieslandhollandtravel.nl\/de\/reisen\/kopie-3-romantische-elf-staedte-radtour-6-tage-durch-frieslands-schoene-staedte-kopie\/","title":{"rendered":"5-t\u00e4giges Fahrradarrangement \u201eDie Friesenw\u00e4lder-Route\u201c"},"content":{"rendered":"<p data-start=\"63\" data-end=\"85\"><strong data-start=\"63\" data-end=\"83\">Preis inklusive:<\/strong><\/p>\n<ul data-start=\"87\" data-end=\"598\">\n<li data-section-id=\"ubtr6m\" data-start=\"87\" data-end=\"147\">4 x \u00dcbernachtungen mit Fr\u00fchst\u00fcck in B&amp;Bs und\/oder Hotels<\/li>\n<li data-section-id=\"q18aw2\" data-start=\"148\" data-end=\"202\">M\u00f6gliche Abendessen, sofern im Arrangement gebucht<\/li>\n<li data-section-id=\"1rl3ua1\" data-start=\"203\" data-end=\"232\">Gep\u00e4cktransport inklusive<\/li>\n<li data-section-id=\"1c91e02\" data-start=\"233\" data-end=\"310\"><strong data-start=\"235\" data-end=\"252\">STO-Garantie:<\/strong> Ihre Zahlung ist vollst\u00e4ndig durch STO Garant gesch\u00fctzt<\/li>\n<li data-section-id=\"cqrzd6\" data-start=\"311\" data-end=\"341\">Buchungsgeb\u00fchren inklusive<\/li>\n<li data-section-id=\"18jfkhs\" data-start=\"342\" data-end=\"528\">Umfassende Reisedokumentation: Sechs Wochen vor Ihrem Anreisedatum erhalten Sie eine detaillierte Routenkarte und den Friesland Travel Atlas (erh\u00e4ltlich in vier Sprachen, 260 Seiten)<\/li>\n<li data-section-id=\"9dbjzj\" data-start=\"529\" data-end=\"598\">Kostenlose und sichere Parkpl\u00e4tze f\u00fcr Ihr Auto zu Beginn der Tour<\/li>\n<\/ul>\n<p data-start=\"600\" data-end=\"622\"><strong data-start=\"600\" data-end=\"620\">Preis exklusive:<\/strong><\/p>\n<ul data-start=\"624\" data-end=\"1192\">\n<li data-section-id=\"1wbkn6t\" data-start=\"624\" data-end=\"736\">Reise- und Reiser\u00fccktrittsversicherung: muss bei Ihrer Versicherungsgesellschaft selbst abgeschlossen werden<\/li>\n<li data-section-id=\"4x03uo\" data-start=\"737\" data-end=\"819\">Mittagessen, Abendessen und Getr\u00e4nke: nicht enthalten, au\u00dfer im Voraus gebucht<\/li>\n<li data-section-id=\"r25toy\" data-start=\"820\" data-end=\"951\">Pannenhilfe: Bei vorheriger Buchung umfasst die Fahrradhilfe ein Ersatzfahrrad (innerhalb von 1,5 Stunden) im Falle einer Panne<\/li>\n<li data-section-id=\"1dr9dqb\" data-start=\"952\" data-end=\"1172\"><strong data-start=\"954\" data-end=\"1002\">Fytse mei Sytze \u2013 Friesland Inspiration Map:<\/strong> \u00dcber einen Link erhalten Sie Zugang zu einer Inspirationskarte mit \u00fcber 400 Orten in Friesland: von Geschichten und Wissenswertem bis zu Routen und versteckten Pl\u00e4tzen<\/li>\n<li data-section-id=\"1niytv5\" data-start=\"1173\" data-end=\"1192\">Touristensteuer<\/li>\n<\/ul>\n<p data-start=\"1194\" data-end=\"1224\"><strong data-start=\"1194\" data-end=\"1222\">Stornierungsbedingungen:<\/strong><\/p>\n<ul data-start=\"1226\" data-end=\"1825\">\n<li data-section-id=\"lij38p\" data-start=\"1226\" data-end=\"1297\"><strong data-start=\"1228\" data-end=\"1255\">Kostenlose Stornierung:<\/strong> bis sechs Wochen vor Ihrem Anreisedatum<\/li>\n<li data-section-id=\"1y30o46\" data-start=\"1298\" data-end=\"1528\"><strong data-start=\"1300\" data-end=\"1328\">Stornierungsbedingungen:<\/strong> Bei Stornierungen innerhalb von sechs Wochen gelten die Stornierungsbedingungen gem\u00e4\u00df Artikel 9.2 der Buchungsbedingungen. Diese sind auf unserer Website verf\u00fcgbar und werden Ihnen vorab zugesandt.<\/li>\n<li data-section-id=\"4p24vq\" data-start=\"1529\" data-end=\"1735\"><strong data-start=\"1531\" data-end=\"1574\">Reise- und Reiser\u00fccktrittsversicherung:<\/strong> Eine Stornierung ist immer eine Angelegenheit Ihrer eigenen Reise- und R\u00fccktrittsversicherung, die Sie bei Ihrer Versicherungsgesellschaft abschlie\u00dfen m\u00fcssen.<\/li>\n<li data-section-id=\"1tub5rx\" data-start=\"1736\" data-end=\"1825\"><strong data-start=\"1738\" data-end=\"1760\">Wetterbedingungen:<\/strong> Eine Stornierung aufgrund schlechten Wetters ist nicht m\u00f6glich<\/li>\n<\/ul>\n<p data-start=\"1827\" data-end=\"1841\"><strong data-start=\"1827\" data-end=\"1839\">F\u00fcr wen:<\/strong><\/p>\n<p data-start=\"1843\" data-end=\"2272\">Die <strong data-start=\"1847\" data-end=\"1870\">Friesenw\u00e4lder-Route<\/strong> ist eine wundersch\u00f6ne Strecke, um den Norden Frieslands zu entdecken. Die Route ist 190 Kilometer lang und kann als komfortable \u201eExpedition\u201c zu kaum bekannten, aber weltweit einzigartigen Sehensw\u00fcrdigkeiten betrachtet werden. Eine Tour voller angenehmer \u00dcberraschungen, unter anderem: Moddergat, Noardlike Fryske W\u00e2lden, Nationalpark De Alde Feanen, Nationalpark Lauwersmeer, Dokkum und Hegebeintum.<\/p>\n<p data-start=\"2274\" data-end=\"2291\"><strong data-start=\"2274\" data-end=\"2289\">Startdatum:<\/strong><\/p>\n<p data-start=\"2293\" data-end=\"2369\">Sie k\u00f6nnen Ihre Tour an jedem Wochentag beginnen, je nach Ihren Vorlieben.<\/p>\n<p data-start=\"2371\" data-end=\"2390\"><strong data-start=\"2371\" data-end=\"2388\">STO-Garantie:<\/strong><\/p>\n<p data-start=\"2392\" data-end=\"2543\">Diese Tour ist durch die STO-Garantie gesch\u00fctzt, sodass Ihre Zahlung sicher ist. Weitere Informationen finden Sie in den STO Garant-Bedingungen\u00a0<a href=\"https:\/\/sto-garant.nl\/de\">hier.<\/a><\/p>\n","protected":false},"excerpt":{"rendered":"<p>Die Friesenw\u00e4lder-Route ist eine&#8230;<\/p>\n<p><a href=\"https:\/\/www.frieslandhollandtravel.nl\/de\/reisen\/kopie-3-romantische-elf-staedte-radtour-6-tage-durch-frieslands-schoene-staedte-kopie\/\">Read More \u00bb<\/a> <a class=\"continue\" href=\"https:\/\/www.frieslandhollandtravel.nl\/de\/reisen\/kopie-3-romantische-elf-staedte-radtour-6-tage-durch-frieslands-schoene-staedte-kopie\/\">Lees meer<span> 5-t\u00e4giges Fahrradarrangement \u201eDie Friesenw\u00e4lder-Route\u201c<\/span><\/a><\/p>\n","protected":false},"featured_media":43880,"comment_status":"closed","ping_status":"closed","template":"","meta":{"_acf_changed":false,"wds_primary_product_brand":0,"wds_primary_product_cat":213},"product_brand":[220],"product_cat":[213,217],"product_tag":[244,246,247,216,245],"class_list":{"0":"post-50587","1":"product","2":"type-product","3":"status-publish","4":"has-post-thumbnail","6":"product_brand-friese-wouden","7":"product_cat-markantfriesland","8":"product_cat-noardlike-fryske-walden","9":"product_tag-6-7-dagen","10":"product_tag-aanbevolen","11":"product_tag-fiets","12":"product_tag-markantfriesland","13":"product_tag-tot-50-km","15":"first","16":"instock","17":"sold-individually","18":"purchasable","19":"product-type-simple"},"acf":[],"_links":{"self":[{"href":"https:\/\/www.frieslandhollandtravel.nl\/de\/wp-json\/wp\/v2\/product\/50587","targetHints":{"allow":["GET"]}}],"collection":[{"href":"https:\/\/www.frieslandhollandtravel.nl\/de\/wp-json\/wp\/v2\/product"}],"about":[{"href":"https:\/\/www.frieslandhollandtravel.nl\/de\/wp-json\/wp\/v2\/types\/product"}],"replies":[{"embeddable":true,"href":"https:\/\/www.frieslandhollandtravel.nl\/de\/wp-json\/wp\/v2\/comments?post=50587"}],"wp:featuredmedia":[{"embeddable":true,"href":"https:\/\/www.frieslandhollandtravel.nl\/de\/wp-json\/wp\/v2\/media\/43880"}],"wp:attachment":[{"href":"https:\/\/www.frieslandhollandtravel.nl\/de\/wp-json\/wp\/v2\/media?parent=50587"}],"wp:term":[{"taxonomy":"product_brand","embeddable":true,"href":"https:\/\/www.frieslandhollandtravel.nl\/de\/wp-json\/wp\/v2\/product_brand?post=50587"},{"taxonomy":"product_cat","embeddable":true,"href":"https:\/\/www.frieslandhollandtravel.nl\/de\/wp-json\/wp\/v2\/product_cat?post=50587"},{"taxonomy":"product_tag","embeddable":true,"href":"https:\/\/www.frieslandhollandtravel.nl\/de\/wp-json\/wp\/v2\/product_tag?post=50587"}],"curies":[{"name":"wp","href":"https:\/\/api.w.org\/{rel}","templated":true}]}}