{"id":53150,"date":"2026-01-12T14:54:58","date_gmt":"2026-01-12T13:54:58","guid":{"rendered":"https:\/\/www.frieslandhollandtravel.nl\/?post_type=product&#038;p=53150"},"modified":"2026-01-30T13:10:19","modified_gmt":"2026-01-30T12:10:19","slug":"5-taegige-radtour-auf-den-spuren-des-koenigs","status":"publish","type":"product","link":"https:\/\/www.frieslandhollandtravel.nl\/de\/reisen\/5-taegige-radtour-auf-den-spuren-des-koenigs\/","title":{"rendered":"5-t\u00e4gige Radtour: Auf den Spuren des K\u00f6nigs"},"content":{"rendered":"<p><strong>Preis inklusiv:<\/strong><\/p>\n<ul>\n<li><strong>4 x \u00dcbernachtungen mit Fr\u00fchst\u00fcck<\/strong><br \/>\nm\u00f6gliches Abendessen, wenn im Arrangement gebucht<\/li>\n<li><strong>Gep\u00e4cktransport<\/strong><br \/>\ninklusive<\/li>\n<li><a href=\"https:\/\/sto-garant.nl\/de\"><strong>STO-Garantie<\/strong><\/a><br \/>\nIhre Zahlung ist vollst\u00e4ndig durch STO Garant gesch\u00fctzt<\/li>\n<li><strong>Reservierungsgeb\u00fchr<\/strong><br \/>\ninklusive<\/li>\n<li><strong>Umfangreiche Reiseunterlagen<\/strong><br \/>\nsechs Wochen vor Ihrem Anreisedatum erhalten Sie eine detaillierte Routenkarte und den Friesland Travel Atlas (erh\u00e4ltlich in vier Sprachen, 260 Seiten)<\/li>\n<li><strong>Stempelkarte<\/strong><br \/>\nSammeln Sie einen Stempel in jeder Stadt entlang der Elf-St\u00e4dte-Route<\/li>\n<li><strong>Kostenlose und sichere Parkm\u00f6glichkeiten<\/strong><br \/>\nf\u00fcr Ihr Auto am Beginn der Tour (Hinweis: Das Start-Hotel befindet sich immer in Leeuwarden, wenn Sie mit \u00f6ffentlichen Verkehrsmitteln anreisen)<\/li>\n<li><strong>E-Bike-Ladestation<\/strong><br \/>\nan teilnehmenden Hotels, um w\u00e4hrend der Tour immer genug Energie zu haben<\/li>\n<\/ul>\n<p><strong>Preis nicht inklusiv:<\/strong><\/p>\n<ul>\n<li><strong>Reise- und Stornoversicherung<\/strong><br \/>\nDiese muss bei Ihrer eigenen Versicherungsgesellschaft abgeschlossen werden<\/li>\n<li><strong>Mittagessen, Abendessen und Getr\u00e4nke<\/strong><br \/>\nDiese sind nicht enthalten, es sei denn, sie wurden im Voraus gebucht<\/li>\n<li><a href=\"https:\/\/www.frieslandhollandtravel.nl\/de\/nachrichten\/pannengarantie-bei-ihrer-radreise-zur-elfstedentocht\/\"><strong>Pannendienst<\/strong><\/a><br \/>\nBei Vorbuchung umfasst die Fahrradassistenz ein Ersatzfahrrad (innerhalb von 1,5 Stunden) im Falle einer Panne<\/li>\n<li><strong>Kurtaxe<\/strong><\/li>\n<\/ul>\n<p><strong>Stornierungsbedingungen:<\/strong><\/p>\n<ul>\n<li><strong>Kostenlose Stornierung<\/strong> bis sechs Wochen vor Ihrem Anreisedatum.<\/li>\n<li><strong>Bei einer Stornierung innerhalb von sechs Wochen<\/strong><br \/>\ngelten die Stornierungsbedingungen gem\u00e4\u00df Artikel 9.2 der Buchungsbedingungen. Diese sind auf unserer Website verf\u00fcgbar und werden Ihnen auch vorab zugesandt.<\/li>\n<li><strong>Reise- und Stornoversicherung<\/strong><br \/>\nEine Stornierung ist immer eine Angelegenheit Ihrer eigenen Reise- und Stornoversicherung, die Sie bei Ihrer Versicherungsgesellschaft abschlie\u00dfen m\u00fcssen.<\/li>\n<li><strong><a href=\"https:\/\/www.frieslandhollandtravel.nl\/de\/nachrichten\/reisen-bei-regen-so-funktionierts-bei-friesland-holland-travel\/\">Wetterbedingungen<\/a><br \/>\n<\/strong>Eine Stornierung aufgrund schlechter Wetterbedingungen ist nicht m\u00f6glich.<\/li>\n<\/ul>\n<p><strong>F\u00fcr wen:<\/strong><\/p>\n<p data-start=\"94\" data-end=\"382\">\u201eIm Rad des K\u00f6nigs\u201c ist die Radtour f\u00fcr alle, die Friesland auf entspannte Weise entdecken m\u00f6chten. Speziell f\u00fcr den K\u00f6nigstag 2026, wenn K\u00f6nig Willem-Alexander mit seiner Familie Dokkum besucht, bietet diese Route eine einzigartige Kombination aus Natur, Kultur und Geschichte.<\/p>\n<p data-start=\"384\" data-end=\"699\">Die Tour eignet sich f\u00fcr Radfahrer mit mittlerem Niveau, die 50\u201370 km pro Tag zur\u00fccklegen m\u00f6chten, f\u00fcr Liebhaber friesischer Geschichte und alles, was mit dem Haus Oranien-Nassau zu tun hat, sowie f\u00fcr alle, die ruhig die malerischen D\u00f6rfer, weiten Landschaften und kulturellen Highlights genie\u00dfen m\u00f6chten.<\/p>\n<p data-start=\"701\" data-end=\"1160\">Egal, ob Sie mit dem E-Bike oder einem normalen Fahrrad unterwegs sind \u2013 diese Route bietet ein vollst\u00e4ndig organisiertes, sorgenfreies Erlebnis. Radeln Sie buchst\u00e4blich \u201eim Rad des K\u00f6nigs\u201c und erleben Sie Friesland wie nie zuvor. Sie m\u00fcssen nicht auf den K\u00f6nigstag warten; die Route kann das ganze Jahr \u00fcber befahren werden. Eine perfekte M\u00f6glichkeit, die Atmosph\u00e4re des K\u00f6nigstags und die Sch\u00f6nheit Frieslands zu jeder Jahreszeit zu erleben.<\/p>\n<p><strong>Starttag:<\/strong><\/p>\n<p>Sie k\u00f6nnen Ihre Tour an jedem Wochentag beginnen, je nach Ihrer Pr\u00e4ferenz.<\/p>\n<p><strong>Start und Ziel:<\/strong><\/p>\n<p>Der Start und das Ziel der Tour sind in einem Hotel entlang der Elf-St\u00e4dte-Route.<\/p>\n<p><strong>STO-Garantie:<\/strong><\/p>\n<p>Diese Tour ist durch die STO-Garantie gesch\u00fctzt, sodass Ihre Zahlung sicher ist. Weitere Informationen finden Sie in den STO Garant-Bedingungen <a href=\"https:\/\/sto-garant.nl\/de\">hier.<\/a><\/p>\n","protected":false},"excerpt":{"rendered":"<p>Entdecken Sie Friesland \u201eim&#8230;<\/p>\n<p><a href=\"https:\/\/www.frieslandhollandtravel.nl\/de\/reisen\/5-taegige-radtour-auf-den-spuren-des-koenigs\/\">Read More \u00bb<\/a> <a class=\"continue\" href=\"https:\/\/www.frieslandhollandtravel.nl\/de\/reisen\/5-taegige-radtour-auf-den-spuren-des-koenigs\/\">Lees meer<span> 5-t\u00e4gige Radtour: Auf den Spuren des K\u00f6nigs<\/span><\/a><\/p>\n","protected":false},"featured_media":53033,"comment_status":"closed","ping_status":"closed","template":"","meta":{"_acf_changed":false,"wds_primary_product_brand":0,"wds_primary_product_cat":213},"product_brand":[220],"product_cat":[209,60],"product_tag":[105,139,106],"class_list":{"0":"post-53150","1":"product","2":"type-product","3":"status-publish","4":"has-post-thumbnail","6":"product_brand-friese-wouden","7":"product_cat-elfsteden-arrangementen","8":"product_cat-fietsvakanties","9":"product_tag-50-km","10":"product_tag-aanbevolen","11":"product_tag-fiets","13":"first","14":"instock","15":"sold-individually","16":"purchasable","17":"product-type-simple"},"acf":[],"_links":{"self":[{"href":"https:\/\/www.frieslandhollandtravel.nl\/de\/wp-json\/wp\/v2\/product\/53150","targetHints":{"allow":["GET"]}}],"collection":[{"href":"https:\/\/www.frieslandhollandtravel.nl\/de\/wp-json\/wp\/v2\/product"}],"about":[{"href":"https:\/\/www.frieslandhollandtravel.nl\/de\/wp-json\/wp\/v2\/types\/product"}],"replies":[{"embeddable":true,"href":"https:\/\/www.frieslandhollandtravel.nl\/de\/wp-json\/wp\/v2\/comments?post=53150"}],"wp:featuredmedia":[{"embeddable":true,"href":"https:\/\/www.frieslandhollandtravel.nl\/de\/wp-json\/wp\/v2\/media\/53033"}],"wp:attachment":[{"href":"https:\/\/www.frieslandhollandtravel.nl\/de\/wp-json\/wp\/v2\/media?parent=53150"}],"wp:term":[{"taxonomy":"product_brand","embeddable":true,"href":"https:\/\/www.frieslandhollandtravel.nl\/de\/wp-json\/wp\/v2\/product_brand?post=53150"},{"taxonomy":"product_cat","embeddable":true,"href":"https:\/\/www.frieslandhollandtravel.nl\/de\/wp-json\/wp\/v2\/product_cat?post=53150"},{"taxonomy":"product_tag","embeddable":true,"href":"https:\/\/www.frieslandhollandtravel.nl\/de\/wp-json\/wp\/v2\/product_tag?post=53150"}],"curies":[{"name":"wp","href":"https:\/\/api.w.org\/{rel}","templated":true}]}}